{"id":191,"date":"2024-06-10T13:34:20","date_gmt":"2024-06-10T11:34:20","guid":{"rendered":"https:\/\/conference2025.etszk.u-szeged.hu\/eng\/?page_id=191"},"modified":"2025-03-19T14:42:39","modified_gmt":"2025-03-19T13:42:39","slug":"conference-organizing-committee","status":"publish","type":"page","link":"https:\/\/conference2025.etszk.u-szeged.hu\/eng\/?page_id=191","title":{"rendered":"Conference Scientific Committee"},"content":{"rendered":"\n<p><\/p>\n\n\n\n<p>Prof. Dr. Edit T\u00f3th-Moln\u00e1r, PhD<\/p>\n\n\n\n<p>Dr. med. habil. Zsanett Ren\u00e1ta Csoma, PhD<\/p>\n\n\n\n<p>Angelika Szatm\u00e1ri, PhD<\/p>\n\n\n\n<p>G\u00e1bor Nagy-Gr\u00f3cz, PhD<\/p>\n\n\n\n<p>Regina Finta, PhD<\/p>\n\n\n\n<p>Orsolya Tobak, PhD<\/p>\n\n\n\n<p>Ren\u00e1ta T\u00f3th<\/p>\n\n\n\n<p><\/p>\n","protected":false},"excerpt":{"rendered":"<p>Prof. Dr. Edit T\u00f3th-Moln\u00e1r, PhD Dr. med. habil. Zsanett Ren\u00e1ta Csoma, PhD Angelika Szatm\u00e1ri, PhD [&hellip;]<\/p>\n","protected":false},"author":1,"featured_media":0,"parent":0,"menu_order":0,"comment_status":"closed","ping_status":"closed","template":"","meta":{"footnotes":""},"_links":{"self":[{"href":"https:\/\/conference2025.etszk.u-szeged.hu\/eng\/index.php?rest_route=\/wp\/v2\/pages\/191"}],"collection":[{"href":"https:\/\/conference2025.etszk.u-szeged.hu\/eng\/index.php?rest_route=\/wp\/v2\/pages"}],"about":[{"href":"https:\/\/conference2025.etszk.u-szeged.hu\/eng\/index.php?rest_route=\/wp\/v2\/types\/page"}],"author":[{"embeddable":true,"href":"https:\/\/conference2025.etszk.u-szeged.hu\/eng\/index.php?rest_route=\/wp\/v2\/users\/1"}],"replies":[{"embeddable":true,"href":"https:\/\/conference2025.etszk.u-szeged.hu\/eng\/index.php?rest_route=%2Fwp%2Fv2%2Fcomments&post=191"}],"version-history":[{"count":4,"href":"https:\/\/conference2025.etszk.u-szeged.hu\/eng\/index.php?rest_route=\/wp\/v2\/pages\/191\/revisions"}],"predecessor-version":[{"id":546,"href":"https:\/\/conference2025.etszk.u-szeged.hu\/eng\/index.php?rest_route=\/wp\/v2\/pages\/191\/revisions\/546"}],"wp:attachment":[{"href":"https:\/\/conference2025.etszk.u-szeged.hu\/eng\/index.php?rest_route=%2Fwp%2Fv2%2Fmedia&parent=191"}],"curies":[{"name":"wp","href":"https:\/\/api.w.org\/{rel}","templated":true}]}}