{"id":1011,"date":"2025-03-13T08:08:57","date_gmt":"2025-03-13T07:08:57","guid":{"rendered":"https:\/\/conference2025.etszk.u-szeged.hu\/?page_id=1011"},"modified":"2025-03-13T08:34:56","modified_gmt":"2025-03-13T07:34:56","slug":"anna-julia-elias","status":"publish","type":"page","link":"https:\/\/conference2025.etszk.u-szeged.hu\/index.php\/anna-julia-elias\/","title":{"rendered":"Anna J\u00falia \u00c9li\u00e1s"},"content":{"rendered":"\n<figure class=\"wp-block-image size-full is-resized\"><img loading=\"lazy\" decoding=\"async\" width=\"480\" height=\"480\" src=\"https:\/\/conference2025.etszk.u-szeged.hu\/wp-content\/uploads\/2025\/03\/Anna-Julia-Elias.jpg\" alt=\"\" class=\"wp-image-1010\" style=\"width:250px\" srcset=\"https:\/\/conference2025.etszk.u-szeged.hu\/wp-content\/uploads\/2025\/03\/Anna-Julia-Elias.jpg 480w, https:\/\/conference2025.etszk.u-szeged.hu\/wp-content\/uploads\/2025\/03\/Anna-Julia-Elias-300x300.jpg 300w, https:\/\/conference2025.etszk.u-szeged.hu\/wp-content\/uploads\/2025\/03\/Anna-Julia-Elias-150x150.jpg 150w\" sizes=\"(max-width: 480px) 100vw, 480px\" \/><\/figure>\n\n\n\n<p><strong>Short CV \u2013 Anna J\u00falia \u00c9li\u00e1s<\/strong><\/p>\n\n\n\n<p>(2023-2024) <strong>Visiting researcher<\/strong><br>Quadram Institute Norwich, Norfolk, United Kingdom<br>Imperial College London, London, United Kingdom<\/p>\n\n\n\n<p>(2023 &#8211; Present) <strong>Lecturer<\/strong> in the undergraduate course &#8222;Final Thesis&#8221; in Hungarian and English Department of Nursing, Faculty of Health Sciences, Semmelweis University<\/p>\n\n\n\n<p>(2021 \u2013 Present) <strong>PhD student<\/strong><br>Semmelweis University Doctoral School, Division of Health Sciences<br>Department of Morphology and Physiology, Faculty of Health Sciences, Semmelweis University, Budapest, Hungary<\/p>\n\n\n\n<p>(2020 &#8211; Present) <strong>Grant and Research Specialist<br><\/strong>Program Coordination and Development Office for Health Sciences, Faculty of Health Sciences, Semmelweis University<\/p>\n\n\n\n<p>(2019 \u2013 2021) <strong>MSc in Nutritional Sciences<br><\/strong>Faculty of Health Sciences, Semmelweis University, Budapest, Hungary<\/p>\n\n\n\n<p>(2015 \u2013 2019) <strong>BSc in Dietetics<\/strong>, Nursing and Patient Care<br>Faculty of Health Sciences, Semmelweis University, Budapest, Hungary<\/p>\n","protected":false},"excerpt":{"rendered":"<p>Short CV \u2013 Anna J\u00falia \u00c9li\u00e1s (2023-2024) Visiting researcherQuadram Institute Norwich, Norfolk, United KingdomImperial College [&hellip;]<\/p>\n","protected":false},"author":1,"featured_media":0,"parent":0,"menu_order":0,"comment_status":"closed","ping_status":"closed","template":"","meta":{"footnotes":""},"_links":{"self":[{"href":"https:\/\/conference2025.etszk.u-szeged.hu\/index.php\/wp-json\/wp\/v2\/pages\/1011"}],"collection":[{"href":"https:\/\/conference2025.etszk.u-szeged.hu\/index.php\/wp-json\/wp\/v2\/pages"}],"about":[{"href":"https:\/\/conference2025.etszk.u-szeged.hu\/index.php\/wp-json\/wp\/v2\/types\/page"}],"author":[{"embeddable":true,"href":"https:\/\/conference2025.etszk.u-szeged.hu\/index.php\/wp-json\/wp\/v2\/users\/1"}],"replies":[{"embeddable":true,"href":"https:\/\/conference2025.etszk.u-szeged.hu\/index.php\/wp-json\/wp\/v2\/comments?post=1011"}],"version-history":[{"count":2,"href":"https:\/\/conference2025.etszk.u-szeged.hu\/index.php\/wp-json\/wp\/v2\/pages\/1011\/revisions"}],"predecessor-version":[{"id":1017,"href":"https:\/\/conference2025.etszk.u-szeged.hu\/index.php\/wp-json\/wp\/v2\/pages\/1011\/revisions\/1017"}],"wp:attachment":[{"href":"https:\/\/conference2025.etszk.u-szeged.hu\/index.php\/wp-json\/wp\/v2\/media?parent=1011"}],"curies":[{"name":"wp","href":"https:\/\/api.w.org\/{rel}","templated":true}]}}