{"id":190,"date":"2024-05-24T10:15:27","date_gmt":"2024-05-24T08:15:27","guid":{"rendered":"https:\/\/conference2025.etszk.u-szeged.hu\/?page_id=190"},"modified":"2025-03-05T09:21:22","modified_gmt":"2025-03-05T08:21:22","slug":"dr-kortesi-tamas","status":"publish","type":"page","link":"https:\/\/conference2025.etszk.u-szeged.hu\/index.php\/dr-kortesi-tamas\/","title":{"rendered":"Dr. K\u00f6rt\u00e9si Tam\u00e1s"},"content":{"rendered":"\n<figure class=\"wp-block-image size-large is-resized\"><img loading=\"lazy\" decoding=\"async\" width=\"867\" height=\"1024\" src=\"https:\/\/conference2025.etszk.u-szeged.hu\/wp-content\/uploads\/2024\/05\/Kortesi-Tamas-867x1024.jpg\" alt=\"\" class=\"wp-image-191\" style=\"width:239px;height:auto\" srcset=\"https:\/\/conference2025.etszk.u-szeged.hu\/wp-content\/uploads\/2024\/05\/Kortesi-Tamas-867x1024.jpg 867w, https:\/\/conference2025.etszk.u-szeged.hu\/wp-content\/uploads\/2024\/05\/Kortesi-Tamas-254x300.jpg 254w, https:\/\/conference2025.etszk.u-szeged.hu\/wp-content\/uploads\/2024\/05\/Kortesi-Tamas-768x907.jpg 768w, https:\/\/conference2025.etszk.u-szeged.hu\/wp-content\/uploads\/2024\/05\/Kortesi-Tamas-1301x1536.jpg 1301w, https:\/\/conference2025.etszk.u-szeged.hu\/wp-content\/uploads\/2024\/05\/Kortesi-Tamas-1734x2048.jpg 1734w, https:\/\/conference2025.etszk.u-szeged.hu\/wp-content\/uploads\/2024\/05\/Kortesi-Tamas.jpg 1936w\" sizes=\"(max-width: 867px) 100vw, 867px\" \/><\/figure>\n\n\n\n<div class=\"wp-block-group is-nowrap is-layout-flex wp-container-core-group-is-layout-1 wp-block-group-is-layout-flex\">\n<p class=\"justify-text\">Dr. K\u00f6rt\u00e9si Tam\u00e1s docensk\u00e9nt dolgozik a Szegedi Tudom\u00e1nyegyetem Eg\u00e9szs\u00e9gtudom\u00e1nyi \u00e9s Szoci\u00e1lis K\u00e9pz\u00e9si Kar\u00e1n, emellett a HUN-REN-SZTE Idegtudom\u00e1nyi Kutat\u00f3csoportban v\u00e9gez preklinikai \u00e9s klinikai vizsg\u00e1latokat. Kutat\u00e1si ter\u00fclet\u00e9nek f\u00f3kusz\u00e1ban a primer fejf\u00e1j\u00e1s betegs\u00e9gek pathomechanizmusa-, illetve a szem\u00e9lyre szabott medic\u00edna k\u00e9rd\u00e9sei \u00e1llnak. Sz\u00e1mos nemzetk\u00f6zi tudom\u00e1nyos publik\u00e1ci\u00f3 els\u0151-, \u00e9s t\u00e1rsszerz\u0151je. \u00d6sszes\u00edtett impakt faktora 69,94, hivatkoz\u00e1sainak sz\u00e1ma: 203<\/p>\n<\/div>\n\n\n\n<p><a href=\"https:\/\/conference2025.etszk.u-szeged.hu\/wp-content\/uploads\/2025\/02\/Kortesi-Tamas.pdf\">Kortesi-Tamas CV.pdf<\/a><\/p>\n","protected":false},"excerpt":{"rendered":"<p>Dr. K\u00f6rt\u00e9si Tam\u00e1s docensk\u00e9nt dolgozik a Szegedi Tudom\u00e1nyegyetem Eg\u00e9szs\u00e9gtudom\u00e1nyi \u00e9s Szoci\u00e1lis K\u00e9pz\u00e9si Kar\u00e1n, emellett a [&hellip;]<\/p>\n","protected":false},"author":1,"featured_media":191,"parent":0,"menu_order":0,"comment_status":"closed","ping_status":"closed","template":"","meta":{"footnotes":""},"_links":{"self":[{"href":"https:\/\/conference2025.etszk.u-szeged.hu\/index.php\/wp-json\/wp\/v2\/pages\/190"}],"collection":[{"href":"https:\/\/conference2025.etszk.u-szeged.hu\/index.php\/wp-json\/wp\/v2\/pages"}],"about":[{"href":"https:\/\/conference2025.etszk.u-szeged.hu\/index.php\/wp-json\/wp\/v2\/types\/page"}],"author":[{"embeddable":true,"href":"https:\/\/conference2025.etszk.u-szeged.hu\/index.php\/wp-json\/wp\/v2\/users\/1"}],"replies":[{"embeddable":true,"href":"https:\/\/conference2025.etszk.u-szeged.hu\/index.php\/wp-json\/wp\/v2\/comments?post=190"}],"version-history":[{"count":4,"href":"https:\/\/conference2025.etszk.u-szeged.hu\/index.php\/wp-json\/wp\/v2\/pages\/190\/revisions"}],"predecessor-version":[{"id":967,"href":"https:\/\/conference2025.etszk.u-szeged.hu\/index.php\/wp-json\/wp\/v2\/pages\/190\/revisions\/967"}],"wp:featuredmedia":[{"embeddable":true,"href":"https:\/\/conference2025.etszk.u-szeged.hu\/index.php\/wp-json\/wp\/v2\/media\/191"}],"wp:attachment":[{"href":"https:\/\/conference2025.etszk.u-szeged.hu\/index.php\/wp-json\/wp\/v2\/media?parent=190"}],"curies":[{"name":"wp","href":"https:\/\/api.w.org\/{rel}","templated":true}]}}