{"id":221,"date":"2024-05-26T16:24:45","date_gmt":"2024-05-26T14:24:45","guid":{"rendered":"https:\/\/conference2025.etszk.u-szeged.hu\/?page_id=221"},"modified":"2025-04-02T08:38:27","modified_gmt":"2025-04-02T06:38:27","slug":"dr-med-habil-csoma-zanett-ph-d","status":"publish","type":"page","link":"https:\/\/conference2025.etszk.u-szeged.hu\/index.php\/dr-med-habil-csoma-zanett-ph-d\/","title":{"rendered":"Dr. med. habil.\u00a0Csoma Zanett\u00a0Ph.D."},"content":{"rendered":"\n<figure class=\"wp-block-image size-full is-resized\"><img loading=\"lazy\" decoding=\"async\" width=\"495\" height=\"500\" src=\"https:\/\/conference2025.etszk.u-szeged.hu\/wp-content\/uploads\/2025\/04\/csoma_zsanett.jpg\" alt=\"\" class=\"wp-image-1113\" style=\"width:323px;height:auto\" srcset=\"https:\/\/conference2025.etszk.u-szeged.hu\/wp-content\/uploads\/2025\/04\/csoma_zsanett.jpg 495w, https:\/\/conference2025.etszk.u-szeged.hu\/wp-content\/uploads\/2025\/04\/csoma_zsanett-297x300.jpg 297w\" sizes=\"(max-width: 495px) 100vw, 495px\" \/><\/figure>\n\n\n\n<div class=\"wp-block-group alignwide is-content-justification-center is-nowrap is-layout-flex wp-container-core-group-is-layout-2 wp-block-group-is-layout-flex\">\n<div class=\"wp-block-group is-layout-constrained wp-block-group-is-layout-constrained\">\n<p class=\"justify-text\"><strong>Dr. med. habil Csoma Zsanett Ren\u00e1ta<\/strong> <strong>PhD<\/strong> a Szegedi Tudom\u00e1nyegyetem B\u0151rgy\u00f3gy\u00e1szati \u00e9s Allergol\u00f3giai Klinika habilit\u00e1lt egyetemi docense, az \u00c1ltal\u00e1nos B\u0151rgy\u00f3gy\u00e1szati Fekv\u0151beteg Oszt\u00e1ly \u00e9s a Gyermekb\u0151rgy\u00f3gy\u00e1szati Szakrendel\u00e9s vezet\u0151je. Az SZTE Eg\u00e9szst\u00e9gtudom\u00e1nyi \u00e9s Szoci\u00e1lis K\u00e9pz\u00e9si Kar \u00c1ltal\u00e1nos  \u00e9s Tudom\u00e1nyos  d\u00e9k\u00e1nhelyettese, valamint a kari Tudom\u00e1nyos Bizotts\u00e1g eln\u00f6ke. 2019 \u00f3ta az Eur\u00f3pai Gyermekb\u0151rgy\u00f3gy\u00e1szati T\u00e1rsas\u00e1g vezet\u0151s\u00e9gi tagja, emellett a Magyar Dermatol\u00f3giai T\u00e1rsulat f\u0151titk\u00e1ra. Oktat\u00f3i feladatokat l\u00e1t el az \u00c1ltal\u00e1nos Orvostudom\u00e1nyi \u00e9s a Fogorvostudom\u00e1nyi Karon, a Gy\u00f3gyszer\u00e9sztudom\u00e1nyi Karon, valamint az Eg\u00e9szs\u00e9gtudom\u00e1nyi \u00e9s Szoci\u00e1lis k\u00e9pz\u00e9si Karon.<\/p>\n<\/div>\n<\/div>\n\n\n\n<p>Kutat\u00e1si t\u00e9m\u00e1i:<\/p>\n\n\n\n<ul>\n<li>A k\u00e9s\u0151i t\u00edpus\u00fa t\u00fal\u00e9rz\u00e9kenys\u00e9gi reakci\u00f3 \u00e9s az at\u00f3pi\u00e1s betegs\u00e9gek k\u00f6z\u00f6tti kapcsolat vizsg\u00e1lata<\/li>\n\n\n\n<li>Ultraviola f\u00e9ny hat\u00e1s\u00e1nak vizsg\u00e1lata a korai t\u00edpus\u00fa t\u00fal\u00e9rz\u00e9kenys\u00e9gi reakci\u00f3ra<\/li>\n\n\n\n<li>Allergi\u00e1s rhinitis kezel\u00e9se f\u00e9nyter\u00e1pi\u00e1s m\u00f3dszerekkel<\/li>\n\n\n\n<li>Fototer\u00e1pia alkalmaz\u00e1sa b\u0151rgy\u00f3gy\u00e1szati k\u00f3rk\u00e9pek kezel\u00e9s\u00e9ben<\/li>\n\n\n\n<li>Fest\u00e9ksejtes anyajegyek kialakul\u00e1s\u00e1ban szerepet j\u00e1tsz\u00f3 t\u00e9nyez\u0151k vizsg\u00e1lata<\/li>\n\n\n\n<li>Az \u00fajsz\u00fcl\u00f6ttkori k\u00e9k f\u00e9ny kezel\u00e9s hat\u00e1s\u00e1nak vizsg\u00e1lata a fest\u00e9ksejtes anyajegyek kialakul\u00e1s\u00e1ra<\/li>\n\n\n\n<li>Korasz\u00fcl\u00f6ttkorban el\u0151fordul\u00f3 b\u0151rgy\u00f3gy\u00e1szati betegs\u00e9gek, iatrog\u00e9n \u00e1rtalmak prevalenci\u00e1ja, a kialakul\u00e1sukban szerepet j\u00e1tsz\u00f3 t\u00e9nyez\u0151k vizsg\u00e1lata<\/li>\n\n\n\n<li>Sebkezel\u00e9s \u00fajsz\u00fcl\u00f6ttkorban<\/li>\n\n\n\n<li>\u00dajsz\u00fcl\u00f6ttkori b\u0151rbetegs\u00e9gek<\/li>\n\n\n\n<li>Gyermekkorban el\u0151fordul\u00f3 anyagcsere betegs\u00e9gek \u00e9s genetikai k\u00f3rk\u00e9pek b\u0151rgy\u00f3gy\u00e1szati vonatkoz\u00e1sai<\/li>\n\n\n\n<li>Gyermekkori b\u0151rbetegs\u00e9gek \u00e9s szoci\u00e1lis helyzet kapcsolata<\/li>\n\n\n\n<li>Ter\u00e1pi\u00e1s egy\u00fcttm\u0171k\u00f6d\u00e9s \u00e9s adherencia vizsg\u00e1lata kr\u00f3nikus gyermekb\u0151rgy\u00f3gy\u00e1szati betegs\u00e9gekben<\/li>\n\n\n\n<li>Ritka genodermatosisok vizsg\u00e1lata<\/li>\n<\/ul>\n","protected":false},"excerpt":{"rendered":"<p>Dr. med. habil Csoma Zsanett Ren\u00e1ta PhD a Szegedi Tudom\u00e1nyegyetem B\u0151rgy\u00f3gy\u00e1szati \u00e9s Allergol\u00f3giai Klinika habilit\u00e1lt [&hellip;]<\/p>\n","protected":false},"author":1,"featured_media":105,"parent":0,"menu_order":0,"comment_status":"closed","ping_status":"closed","template":"","meta":{"footnotes":""},"_links":{"self":[{"href":"https:\/\/conference2025.etszk.u-szeged.hu\/index.php\/wp-json\/wp\/v2\/pages\/221"}],"collection":[{"href":"https:\/\/conference2025.etszk.u-szeged.hu\/index.php\/wp-json\/wp\/v2\/pages"}],"about":[{"href":"https:\/\/conference2025.etszk.u-szeged.hu\/index.php\/wp-json\/wp\/v2\/types\/page"}],"author":[{"embeddable":true,"href":"https:\/\/conference2025.etszk.u-szeged.hu\/index.php\/wp-json\/wp\/v2\/users\/1"}],"replies":[{"embeddable":true,"href":"https:\/\/conference2025.etszk.u-szeged.hu\/index.php\/wp-json\/wp\/v2\/comments?post=221"}],"version-history":[{"count":18,"href":"https:\/\/conference2025.etszk.u-szeged.hu\/index.php\/wp-json\/wp\/v2\/pages\/221\/revisions"}],"predecessor-version":[{"id":1115,"href":"https:\/\/conference2025.etszk.u-szeged.hu\/index.php\/wp-json\/wp\/v2\/pages\/221\/revisions\/1115"}],"wp:featuredmedia":[{"embeddable":true,"href":"https:\/\/conference2025.etszk.u-szeged.hu\/index.php\/wp-json\/wp\/v2\/media\/105"}],"wp:attachment":[{"href":"https:\/\/conference2025.etszk.u-szeged.hu\/index.php\/wp-json\/wp\/v2\/media?parent=221"}],"curies":[{"name":"wp","href":"https:\/\/api.w.org\/{rel}","templated":true}]}}