{"id":247,"date":"2024-05-27T07:39:35","date_gmt":"2024-05-27T05:39:35","guid":{"rendered":"https:\/\/conference2025.etszk.u-szeged.hu\/?page_id=247"},"modified":"2025-04-28T19:09:43","modified_gmt":"2025-04-28T17:09:43","slug":"koszonto","status":"publish","type":"page","link":"https:\/\/conference2025.etszk.u-szeged.hu\/index.php\/koszonto\/","title":{"rendered":"K\u00f6sz\u00f6nt\u0151"},"content":{"rendered":"\n<p><strong>I. Szegedi Nemzetk\u00f6zi Eg\u00e9szs\u00e9gtudom\u00e1nyi Konferencia<\/strong><\/p>\n\n\n\n<p class=\"justify-text\">A Szegedi Tudom\u00e1nyegyetem Eg\u00e9szs\u00e9gtudom\u00e1nyi \u00e9s Szoci\u00e1lis K\u00e9pz\u00e9si Kar\u00e1nak szervez\u00e9s\u00e9ben 2025. m\u00e1jus 29-31 k\u00f6z\u00f6tt els\u0151 alkalommal ker\u00fcl megrendez\u00e9sre a Nemzetk\u00f6zi Eg\u00e9szs\u00e9gtudom\u00e1nyi Konferencia.<\/p>\n\n\n\n<p class=\"justify-text\">A hagyom\u00e1nyteremt\u0151 sz\u00e1nd\u00e9kkal megszervez\u00e9sre ker\u00fcl\u0151 tudom\u00e1nyos f\u00f3rum az orvosi- \u00e9s eg\u00e9szs\u00e9gtudom\u00e1nyi kutat\u00e1sok \u00e9s fejleszt\u00e9sek bemutat\u00e1s\u00e1ra \u00f6sszpontos\u00edt. A nemzetk\u00f6zi tal\u00e1lkoz\u00f3 lehet\u0151s\u00e9get \u00e9s kiv\u00e1l\u00f3 sz\u00ednteret ny\u00fajt az eg\u00e9szs\u00e9gtudom\u00e1nyi oktat\u00e1s progresszi\u00f3j\u00e1nak jav\u00edt\u00e1s\u00e1ra, illetve el\u0151mozd\u00edt\u00e1s\u00e1ra, valamint a k\u00fcl\u00f6nb\u00f6z\u0151 tudom\u00e1ny\u00e1gak \u00e9s kutat\u00e1si ter\u00fcletek k\u00f6z\u00f6tti egy\u00fcttm\u0171k\u00f6d\u00e9sre, egy\u00fctt-gondolkod\u00e1sra.<\/p>\n\n\n\n<p class=\"justify-text\">A rendezv\u00e9ny egyik kiemelt c\u00e9lja, hogy az eg\u00e9szs\u00e9gtudom\u00e1ny innov\u00e1ci\u00f3j\u00e1t el\u0151seg\u00edt\u0151 tapasztalatcser\u00e9t \u00f6szt\u00f6n\u00f6zze, valamint a mindennapi betegell\u00e1t\u00e1s szempontj\u00e1b\u00f3l fontos \u00e9s fejl\u0151d\u0151 ter\u00fcletek \u00e1ttekint\u00e9s\u00e9t biztos\u00edtsa. A konferencia tov\u00e1bb\u00e1 platformot k\u00edn\u00e1l az Alumni hallgat\u00f3k sz\u00e1m\u00e1ra, lehet\u0151s\u00e9get ny\u00fajtva arra, hogy bemutass\u00e1k szakmai \u00e9letp\u00e1ly\u00e1jukat, valamint megossz\u00e1k tapasztalataikat a hat\u00e9kony \u00e9s korszer\u0171 betegell\u00e1t\u00e1s ter\u00fclet\u00e9n. A konferencia m\u00e1sik fontos t\u00f6rekv\u00e9se a nemzetk\u00f6zi kutat\u00e1si infrastrukt\u00fara kiemelked\u0151 szerepl\u0151inek, a megl\u00e9v\u0151 EUGLOH partnereink megh\u00edv\u00e1sa, ezzel is el\u0151seg\u00edtve a tudom\u00e1nyos \u00e9s oktat\u00e1si kooper\u00e1ci\u00f3 lehet\u0151s\u00e9g\u00e9t. &nbsp;<\/p>\n\n\n\n<p class=\"justify-text\">A rendezv\u00e9ny gazdag, sz\u00ednvonalas \u00e9s v\u00e1ltozatos programot k\u00edn\u00e1l az eg\u00e9szs\u00e9g\u00fcgy \u00e9s orvostudom\u00e1ny leg\u00fajabb eredm\u00e9nyei ir\u00e1nt \u00e9rdekl\u0151d\u0151 szakemberek \u00e9s hallgat\u00f3ink sz\u00e1m\u00e1ra egyar\u00e1nt. Ennek \u00e9rdek\u00e9ben az orvos- \u00e9s eg\u00e9szs\u00e9gtudom\u00e1ny jeles, kiemelked\u0151 hazai \u00e9s nemzetk\u00f6zi m\u0171vel\u0151it k\u00e9rj\u00fck fel a tudom\u00e1nyos el\u0151ad\u00e1sok, szimp\u00f3ziumok megtart\u00e1s\u00e1ra.<\/p>\n\n\n\n<p class=\"justify-text\">A tervezett n\u00e9gy plen\u00e1ris el\u0151ad\u00e1son k\u00edv\u00fcl 25-30 el\u0151ad\u00e1ssal v\u00e1rjuk a r\u00e9sztvev\u0151ket, tematikus blokkokba rendezve az angol \u00e9s a magyar nyelv\u0171 szekci\u00f3kat. A konferenci\u00e1n bel\u00fcl kiemelt helyett kapott a poszter szekci\u00f3, amely legink\u00e1bb a k\u00fclf\u00f6ldi \u00e9s a hazai fiatal kutat\u00f3k, doktoranduszok munk\u00e1j\u00e1nak prezent\u00e1l\u00e1s\u00e1ra ny\u00fajt kiv\u00e1l\u00f3 lehet\u0151s\u00e9get, el\u0151seg\u00edtve az \u00faj gener\u00e1ci\u00f3 &nbsp;tudom\u00e1nyos k\u00f6z\u00f6ss\u00e9gbe val\u00f3 integr\u00e1l\u00f3d\u00e1s\u00e1t.<\/p>\n\n\n\n<p class=\"justify-text\">A konferencia f\u00f3kusz\u00e1ban egyr\u00e9szt a mindennapi betegell\u00e1t\u00e1s szempontj\u00e1b\u00f3l fontos \u00e9s fejl\u0151d\u00e9sen \u00e1tesett ter\u00fcletek \u00e1ttekint\u00e9se, a gyakorlat kih\u00edv\u00e1sai mellett a betegs\u00e9gek etiol\u00f3gi\u00e1ja, diagn\u00f3zisa \u00e9s kezel\u00e9se, a k\u00f6zeg\u00e9szs\u00e9gtan, az orvosi etika, illetve a sportorvostan, a rehabilit\u00e1ci\u00f3 kutat\u00e1si ter\u00fcletei \u00e1llnak. Tudom\u00e1nyos Kongresszusunk kiemelt esem\u00e9nyei a ny\u00edlt el\u0151ad\u00e1sok, ezek c\u00e9lja, hogy a nagyk\u00f6z\u00f6ns\u00e9g is betekint\u00e9st nyerjen a leg\u00fajabb tudom\u00e1nyos \u00e9s technol\u00f3giai fejleszt\u00e9sekbe, valamint azok gyakorlati alkalmaz\u00e1s\u00e1ba az eg\u00e9szs\u00e9gtudom\u00e1ny ter\u00fclet\u00e9n. A sejtekt\u0151l a beteg\u00e1gyig: alapkutat\u00e1s, a transzl\u00e1ci\u00f3s medicina, mesters\u00e9ges intelligencia szerepe \u00e9s jelent\u0151s\u00e9ge az alkalmazott eg\u00e9szs\u00e9gtudom\u00e1nyban, a gy\u00f3gy\u00edt\u00e1sban, valamint az \u0171rtev\u00e9kenys\u00e9ggel kapcsolatos eg\u00e9szs\u00e9g\u00fcgyi k\u00e9rd\u00e9sek a HUNOR magyar \u0171rkutat\u00e1si program aktualit\u00e1saiba ny\u00fajt betekint\u00e9st.<em> A <\/em>tervezett ny\u00edlt el\u0151ad\u00e1ssorozat a leg\u00fajabb kutat\u00e1si eredm\u00e9nyeket \u00e9s innov\u00e1ci\u00f3kat ismertetik \u00e9s v\u00e1rhat\u00f3an jelent\u0151s k\u00f6z\u00e9rdekl\u0151d\u00e9sre tarthat sz\u00e1mot a magyar t\u00e1rsadalom k\u00f6r\u00e9ben.<\/p>\n\n\n\n<p class=\"justify-text\">Nagyon sok szeretettel v\u00e1rjuk \u00e9rdekl\u0151d\u0151 Koll\u00e9g\u00e1inkat \u00e9s Hallgat\u00f3inkat 2025 m\u00e1jus\u00e1ban, a napf\u00e9ny v\u00e1ros\u00e1ban, Szegeden, az I. Nemzetk\u00f6zi Eg\u00e9szs\u00e9gtudom\u00e1nyi Konferenci\u00e1n.<\/p>\n\n\n\n<p class=\"has-text-align-right\">I. Nemzetk\u00f6zi Eg\u00e9szs\u00e9gtudom\u00e1nyi Konferencia<br><a href=\"https:\/\/conference2025.etszk.u-szeged.hu\/index.php\/a-konferencia-tudomanyos-bizottsaga\/\">Tudom\u00e1nyos Szervez\u0151bizotts\u00e1ga<\/a><br>SZTE Eg\u00e9szs\u00e9gtudom\u00e1nyi \u00e9s Szoci\u00e1lis K\u00e9pz\u00e9si Kar<\/p>\n","protected":false},"excerpt":{"rendered":"<p>I. Szegedi Nemzetk\u00f6zi Eg\u00e9szs\u00e9gtudom\u00e1nyi Konferencia A Szegedi Tudom\u00e1nyegyetem Eg\u00e9szs\u00e9gtudom\u00e1nyi \u00e9s Szoci\u00e1lis K\u00e9pz\u00e9si Kar\u00e1nak szervez\u00e9s\u00e9ben 2025. [&hellip;]<\/p>\n","protected":false},"author":1,"featured_media":0,"parent":0,"menu_order":0,"comment_status":"closed","ping_status":"closed","template":"","meta":{"footnotes":""},"_links":{"self":[{"href":"https:\/\/conference2025.etszk.u-szeged.hu\/index.php\/wp-json\/wp\/v2\/pages\/247"}],"collection":[{"href":"https:\/\/conference2025.etszk.u-szeged.hu\/index.php\/wp-json\/wp\/v2\/pages"}],"about":[{"href":"https:\/\/conference2025.etszk.u-szeged.hu\/index.php\/wp-json\/wp\/v2\/types\/page"}],"author":[{"embeddable":true,"href":"https:\/\/conference2025.etszk.u-szeged.hu\/index.php\/wp-json\/wp\/v2\/users\/1"}],"replies":[{"embeddable":true,"href":"https:\/\/conference2025.etszk.u-szeged.hu\/index.php\/wp-json\/wp\/v2\/comments?post=247"}],"version-history":[{"count":14,"href":"https:\/\/conference2025.etszk.u-szeged.hu\/index.php\/wp-json\/wp\/v2\/pages\/247\/revisions"}],"predecessor-version":[{"id":1217,"href":"https:\/\/conference2025.etszk.u-szeged.hu\/index.php\/wp-json\/wp\/v2\/pages\/247\/revisions\/1217"}],"wp:attachment":[{"href":"https:\/\/conference2025.etszk.u-szeged.hu\/index.php\/wp-json\/wp\/v2\/media?parent=247"}],"curies":[{"name":"wp","href":"https:\/\/api.w.org\/{rel}","templated":true}]}}