{"id":264,"date":"2024-05-27T08:36:40","date_gmt":"2024-05-27T06:36:40","guid":{"rendered":"https:\/\/conference2025.etszk.u-szeged.hu\/?page_id=264"},"modified":"2024-05-27T08:36:40","modified_gmt":"2024-05-27T06:36:40","slug":"a-konferencia-szervezobizottsaga","status":"publish","type":"page","link":"https:\/\/conference2025.etszk.u-szeged.hu\/index.php\/a-konferencia-szervezobizottsaga\/","title":{"rendered":"A Konferencia Szervez\u0151bizotts\u00e1ga"},"content":{"rendered":"\n<p class=\"has-medium-font-size\"><strong>A Konferencia Szervez\u0151bizotts\u00e1g\u00e1nak tagjai:<\/strong><\/p>\n\n\n\n<p>Dr. Szatm\u00e1ri Angelika<\/p>\n\n\n\n<p>Dr. Nagy-Gr\u00f3cz G\u00e1bor<\/p>\n\n\n\n<p>Dr. Csoma Zsanett Ren\u00e1ta<\/p>\n\n\n\n<p>Dr. Grezsa-Szab\u00f3 Katalin<\/p>\n\n\n\n<p>N\u00e9meth \u00c1gnes<\/p>\n","protected":false},"excerpt":{"rendered":"<p>A Konferencia Szervez\u0151bizotts\u00e1g\u00e1nak tagjai: Dr. Szatm\u00e1ri Angelika Dr. Nagy-Gr\u00f3cz G\u00e1bor Dr. Csoma Zsanett Ren\u00e1ta Dr. [&hellip;]<\/p>\n","protected":false},"author":1,"featured_media":0,"parent":0,"menu_order":0,"comment_status":"closed","ping_status":"closed","template":"","meta":{"footnotes":""},"_links":{"self":[{"href":"https:\/\/conference2025.etszk.u-szeged.hu\/index.php\/wp-json\/wp\/v2\/pages\/264"}],"collection":[{"href":"https:\/\/conference2025.etszk.u-szeged.hu\/index.php\/wp-json\/wp\/v2\/pages"}],"about":[{"href":"https:\/\/conference2025.etszk.u-szeged.hu\/index.php\/wp-json\/wp\/v2\/types\/page"}],"author":[{"embeddable":true,"href":"https:\/\/conference2025.etszk.u-szeged.hu\/index.php\/wp-json\/wp\/v2\/users\/1"}],"replies":[{"embeddable":true,"href":"https:\/\/conference2025.etszk.u-szeged.hu\/index.php\/wp-json\/wp\/v2\/comments?post=264"}],"version-history":[{"count":1,"href":"https:\/\/conference2025.etszk.u-szeged.hu\/index.php\/wp-json\/wp\/v2\/pages\/264\/revisions"}],"predecessor-version":[{"id":265,"href":"https:\/\/conference2025.etszk.u-szeged.hu\/index.php\/wp-json\/wp\/v2\/pages\/264\/revisions\/265"}],"wp:attachment":[{"href":"https:\/\/conference2025.etszk.u-szeged.hu\/index.php\/wp-json\/wp\/v2\/media?parent=264"}],"curies":[{"name":"wp","href":"https:\/\/api.w.org\/{rel}","templated":true}]}}