{"id":353,"date":"2024-06-04T10:30:42","date_gmt":"2024-06-04T08:30:42","guid":{"rendered":"https:\/\/conference2025.etszk.u-szeged.hu\/?page_id=353"},"modified":"2025-03-09T21:07:13","modified_gmt":"2025-03-09T20:07:13","slug":"prof-dr-toth-monlnar-edit","status":"publish","type":"page","link":"https:\/\/conference2025.etszk.u-szeged.hu\/index.php\/prof-dr-toth-monlnar-edit\/","title":{"rendered":"Prof. Dr. T\u00f3th Monln\u00e1r Edit"},"content":{"rendered":"\n<figure class=\"wp-block-image size-full is-resized\"><img loading=\"lazy\" decoding=\"async\" width=\"480\" height=\"480\" src=\"https:\/\/conference2025.etszk.u-szeged.hu\/wp-content\/uploads\/2024\/05\/Toth-Molnar-Edit.png\" alt=\"\" class=\"wp-image-104\" style=\"width:239px;height:auto\"\/><\/figure>\n\n\n\n<p class=\"justify-text\">Dr. T\u00f3th-Moln\u00e1r Edit professzor 1993-ban szerzett diplom\u00e1t a Szegedi Tudom\u00e1nyegyetem \u00c1ltal\u00e1nos Orvostudom\u00e1nyi Kar\u00e1n. Diplom\u00e1ja megszerz\u00e9se ut\u00e1n az Egyetem Szem\u00e9szeti Klinik\u00e1j\u00e1n kezdett dolgozni, ahol az\u00f3ta is dolgozik. 1997-ben szem\u00e9szeti koll\u00e9giumi vizsg\u00e1t tett, 2001-ben v\u00e9dte meg PhD-dolgozat\u00e1t, 2012-ben habilit\u00e1lt doktori c\u00edmet szerzett. 2018-t\u00f3l a Szem\u00e9szeti Klinika vezet\u0151je \u00e9s rendes professzora. A Magyar Szem\u00e9szeti T\u00e1rsas\u00e1g aleln\u00f6ke. Dr. T\u00f3th-Moln\u00e1r 2023 \u00f3ta a Szegedi Tudom\u00e1nyegyetem Eg\u00e9szs\u00e9gtudom\u00e1nyi \u00e9s Szoci\u00e1lis K\u00e9pz\u00e9si Kar\u00e1nak d\u00e9k\u00e1nja.<\/p>\n\n\n\n<p class=\"justify-text\">Klinikai kutat\u00e1si ter\u00fclete a szemfelsz\u00edn betegs\u00e9gek, a sz\u00e1raz szem szindr\u00f3ma, a szem\u00e9szeti onkol\u00f3gia, valamint az orbita-, a szem\u00e9szeti plasztikai-, \u00e9s a k\u00f6nny\u00fat seb\u00e9szet. A szem\u00e9szeti onkol\u00f3gia ter\u00fclet\u00e9n v\u00e9gzett kutat\u00e1sai hozz\u00e1j\u00e1rultak a szem\u00e9szeti pigment\u00e1lt elv\u00e1ltoz\u00e1sok etiopatol\u00f3gi\u00e1j\u00e1nak tiszt\u00e1z\u00e1s\u00e1hoz, pontosabb megismer\u00e9s\u00e9hez \u00e9s sz\u00e1mos rangos publik\u00e1ci\u00f3hoz vezettek. A szemh\u00e9j-periokul\u00e1ris basaliom\u00e1k \u00e9s laph\u00e1msejtes karcin\u00f3m\u00e1k elektrokemoter\u00e1pi\u00e1s kezel\u00e9se ter\u00e9n el\u00e9rt eredm\u00e9nyei nemzetk\u00f6zileg is kiemelked\u0151ek.<\/p>\n\n\n\n<p class=\"justify-text\">Alapkutat\u00e1si \u00e9rdekl\u0151d\u00e9si ter\u00fclete a k\u00f6nnymirigy vezet\u00e9krendszer\u00e9nek vizsg\u00e1lata \u00e9s a k\u00f6nny biomarkerek kutat\u00e1sa. L\u00e9trehozta a K\u00f6nnymirigy Transzl\u00e1ci\u00f3s Kutat\u00f3csoportot, munkat\u00e1rsaival kidolgozta a k\u00f6nnymirigy vezet\u00e9kszer\u00e9nek izol\u00e1l\u00e1si \u00e9s funkcion\u00e1lis vizsg\u00e1lati m\u00f3dszereit. Ezek az \u00faj m\u00f3dszerek lehet\u0151v\u00e9 tett\u00e9k a k\u00f6nnytermel\u00e9s folyamat\u00e1nak meg\u00e9rt\u00e9s\u00e9hez elengedhetetlen fontos \u00e9lettani \u00e9s k\u00f3r\u00e9lettani folyamatok le\u00edr\u00e1s\u00e1t. Eredm\u00e9nyeit sz\u00e1mos rangos tudom\u00e1nyos foly\u00f3iratban publik\u00e1lta.<\/p>\n\n\n\n<p>In extenso publik\u00e1ci\u00f3inak \u00f6sszes\u00edtett impakt faktora 190, az id\u00e9zetek sz\u00e1ma pedig 1374.<\/p>\n","protected":false},"excerpt":{"rendered":"<p>Dr. T\u00f3th-Moln\u00e1r Edit professzor 1993-ban szerzett diplom\u00e1t a Szegedi Tudom\u00e1nyegyetem \u00c1ltal\u00e1nos Orvostudom\u00e1nyi Kar\u00e1n. Diplom\u00e1ja megszerz\u00e9se [&hellip;]<\/p>\n","protected":false},"author":1,"featured_media":0,"parent":0,"menu_order":0,"comment_status":"closed","ping_status":"closed","template":"","meta":{"footnotes":""},"_links":{"self":[{"href":"https:\/\/conference2025.etszk.u-szeged.hu\/index.php\/wp-json\/wp\/v2\/pages\/353"}],"collection":[{"href":"https:\/\/conference2025.etszk.u-szeged.hu\/index.php\/wp-json\/wp\/v2\/pages"}],"about":[{"href":"https:\/\/conference2025.etszk.u-szeged.hu\/index.php\/wp-json\/wp\/v2\/types\/page"}],"author":[{"embeddable":true,"href":"https:\/\/conference2025.etszk.u-szeged.hu\/index.php\/wp-json\/wp\/v2\/users\/1"}],"replies":[{"embeddable":true,"href":"https:\/\/conference2025.etszk.u-szeged.hu\/index.php\/wp-json\/wp\/v2\/comments?post=353"}],"version-history":[{"count":6,"href":"https:\/\/conference2025.etszk.u-szeged.hu\/index.php\/wp-json\/wp\/v2\/pages\/353\/revisions"}],"predecessor-version":[{"id":984,"href":"https:\/\/conference2025.etszk.u-szeged.hu\/index.php\/wp-json\/wp\/v2\/pages\/353\/revisions\/984"}],"wp:attachment":[{"href":"https:\/\/conference2025.etszk.u-szeged.hu\/index.php\/wp-json\/wp\/v2\/media?parent=353"}],"curies":[{"name":"wp","href":"https:\/\/api.w.org\/{rel}","templated":true}]}}