{"id":366,"date":"2024-05-27T17:34:25","date_gmt":"2024-05-27T15:34:25","guid":{"rendered":"https:\/\/conference2025.etszk.u-szeged.hu\/?page_id=366"},"modified":"2025-03-05T09:20:48","modified_gmt":"2025-03-05T08:20:48","slug":"dr-csincsik-lajos","status":"publish","type":"page","link":"https:\/\/conference2025.etszk.u-szeged.hu\/index.php\/dr-csincsik-lajos\/","title":{"rendered":"Dr. Csincsik Lajos"},"content":{"rendered":"\n<figure class=\"wp-block-image size-full is-resized\"><img loading=\"lazy\" decoding=\"async\" width=\"480\" height=\"480\" src=\"https:\/\/conference2025.etszk.u-szeged.hu\/wp-content\/uploads\/2024\/07\/Lajos-Csincsik2.png\" alt=\"\" class=\"wp-image-574\" style=\"width:236px;height:auto\" srcset=\"https:\/\/conference2025.etszk.u-szeged.hu\/wp-content\/uploads\/2024\/07\/Lajos-Csincsik2.png 480w, https:\/\/conference2025.etszk.u-szeged.hu\/wp-content\/uploads\/2024\/07\/Lajos-Csincsik2-300x300.png 300w, https:\/\/conference2025.etszk.u-szeged.hu\/wp-content\/uploads\/2024\/07\/Lajos-Csincsik2-150x150.png 150w\" sizes=\"(max-width: 480px) 100vw, 480px\" \/><\/figure>\n\n\n\n<p class=\"justify-text\"><strong>Dr. Csincsik Lajos <\/strong>az \u00e9szak-\u00edrorsz\u00e1gi Queen&#8217;s University Belfast posztdoktori kutat\u00f3ja \u00e9s tudom\u00e1nyos munkat\u00e1rsa. Egyetemi tanulm\u00e1nyait Szegeden kezdte, majd kis kit\u00e9r\u0151vel az Egyes\u00fclt Kir\u00e1lys\u00e1gban folytatta. Munk\u00e1ja sor\u00e1n, modern retina k\u00e9pelemz\u00e9si technik\u00e1kat fejleszt \u00e9s alkalmaz a retina elv\u00e1ltoz\u00e1sainak tanulm\u00e1nyoz\u00e1s\u00e1ra k\u00fcl\u00f6nf\u00e9le neurodegeneraci\u00f3s \u00e1llapotokban, mint p\u00e9ld\u00e1ul az Alzheimer-k\u00f3r, a sclerosis multiplex \u00e9s az id\u0151skori makuladegener\u00e1ci\u00f3. Kutat\u00e1s\u00e1nak c\u00e9lja a megb\u00edzhat\u00f3 \u00e9s hozz\u00e1f\u00e9rhet\u0151 biomarkerek kifejleszt\u00e9se, amelyek seg\u00edthetnek diagnosztiz\u00e1lni \u00e9s nyomon k\u00f6vetni ezen \u00e1llapotok el\u0151rehalad\u00e1s\u00e1t. Kutat\u00e1sa mellett sz\u00edvesen v\u00e1llal mentori teend\u0151ket is, melyekkel az egyetemi hallgat\u00f3k mindennapjait seg\u00edti.<\/p>\n","protected":false},"excerpt":{"rendered":"<p>Dr. Csincsik Lajos az \u00e9szak-\u00edrorsz\u00e1gi Queen&#8217;s University Belfast posztdoktori kutat\u00f3ja \u00e9s tudom\u00e1nyos munkat\u00e1rsa. Egyetemi tanulm\u00e1nyait [&hellip;]<\/p>\n","protected":false},"author":1,"featured_media":0,"parent":0,"menu_order":0,"comment_status":"closed","ping_status":"closed","template":"","meta":{"footnotes":""},"_links":{"self":[{"href":"https:\/\/conference2025.etszk.u-szeged.hu\/index.php\/wp-json\/wp\/v2\/pages\/366"}],"collection":[{"href":"https:\/\/conference2025.etszk.u-szeged.hu\/index.php\/wp-json\/wp\/v2\/pages"}],"about":[{"href":"https:\/\/conference2025.etszk.u-szeged.hu\/index.php\/wp-json\/wp\/v2\/types\/page"}],"author":[{"embeddable":true,"href":"https:\/\/conference2025.etszk.u-szeged.hu\/index.php\/wp-json\/wp\/v2\/users\/1"}],"replies":[{"embeddable":true,"href":"https:\/\/conference2025.etszk.u-szeged.hu\/index.php\/wp-json\/wp\/v2\/comments?post=366"}],"version-history":[{"count":3,"href":"https:\/\/conference2025.etszk.u-szeged.hu\/index.php\/wp-json\/wp\/v2\/pages\/366\/revisions"}],"predecessor-version":[{"id":966,"href":"https:\/\/conference2025.etszk.u-szeged.hu\/index.php\/wp-json\/wp\/v2\/pages\/366\/revisions\/966"}],"wp:attachment":[{"href":"https:\/\/conference2025.etszk.u-szeged.hu\/index.php\/wp-json\/wp\/v2\/media?parent=366"}],"curies":[{"name":"wp","href":"https:\/\/api.w.org\/{rel}","templated":true}]}}