{"id":432,"date":"2024-06-04T13:19:42","date_gmt":"2024-06-04T11:19:42","guid":{"rendered":"https:\/\/conference2025.etszk.u-szeged.hu\/?page_id=432"},"modified":"2024-06-04T13:23:38","modified_gmt":"2024-06-04T11:23:38","slug":"dr-imre-lengyel-phd","status":"publish","type":"page","link":"https:\/\/conference2025.etszk.u-szeged.hu\/index.php\/dr-imre-lengyel-phd\/","title":{"rendered":"Dr. Imre Lengyel, PhD"},"content":{"rendered":"\n<figure class=\"wp-block-image size-full is-resized\"><img loading=\"lazy\" decoding=\"async\" width=\"480\" height=\"480\" src=\"https:\/\/conference2025.etszk.u-szeged.hu\/wp-content\/uploads\/2024\/06\/Dr.-Imre-Lengyel.png\" alt=\"\" class=\"wp-image-429\" style=\"width:210px;height:auto\" srcset=\"https:\/\/conference2025.etszk.u-szeged.hu\/wp-content\/uploads\/2024\/06\/Dr.-Imre-Lengyel.png 480w, https:\/\/conference2025.etszk.u-szeged.hu\/wp-content\/uploads\/2024\/06\/Dr.-Imre-Lengyel-300x300.png 300w, https:\/\/conference2025.etszk.u-szeged.hu\/wp-content\/uploads\/2024\/06\/Dr.-Imre-Lengyel-150x150.png 150w\" sizes=\"(max-width: 480px) 100vw, 480px\" \/><\/figure>\n\n\n\n<p class=\"justify-text\"><strong>Dr. Imre Lengyel, PhD<\/strong> a Queen&#8217;s University Belfast Wellcome Wolfson K\u00eds\u00e9rleti Medicina Int\u00e9zet\u00e9nek transzl\u00e1ci\u00f3s szem\u00e9szettel foglalkoz\u00f3 professzora. F\u0151 kutat\u00e1si ter\u00fclete a szem transzl\u00e1ci\u00f3s gy\u00f3gy\u00e1szata. Az id\u0151skori makuladegener\u00e1ci\u00f3val, az Alzheimer-k\u00f3rral, a szkler\u00f3zis multiplexszel \u00e9s a Down-szindr\u00f3m\u00e1val foglalkoznak kutat\u00f3csoportj\u00e1val. Vizsg\u00e1latai f\u00f3kusz\u00e1ban \u00e1ll, hogy az \u00e9trend \u2014 k\u00fcl\u00f6n\u00f6sen a nyomelemek szintj\u00e9t m\u00f3dos\u00edt\u00f3 \u00e9trend \u2014 hogyan befoly\u00e1solja a betegs\u00e9gek kialakul\u00e1s\u00e1t \u00e9s progresszi\u00f3j\u00e1t.<\/p>\n\n\n\n<p>Kutat\u00e1sai\u00e9rt 2023 \u00e1prilis\u00e1ban elnyerte a Brit Immunol\u00f3giai T\u00e1rsas\u00e1g d\u00edj\u00e1t.<\/p>\n","protected":false},"excerpt":{"rendered":"<p>Dr. Imre Lengyel, PhD a Queen&#8217;s University Belfast Wellcome Wolfson K\u00eds\u00e9rleti Medicina Int\u00e9zet\u00e9nek transzl\u00e1ci\u00f3s szem\u00e9szettel [&hellip;]<\/p>\n","protected":false},"author":1,"featured_media":0,"parent":0,"menu_order":0,"comment_status":"closed","ping_status":"closed","template":"","meta":{"footnotes":""},"_links":{"self":[{"href":"https:\/\/conference2025.etszk.u-szeged.hu\/index.php\/wp-json\/wp\/v2\/pages\/432"}],"collection":[{"href":"https:\/\/conference2025.etszk.u-szeged.hu\/index.php\/wp-json\/wp\/v2\/pages"}],"about":[{"href":"https:\/\/conference2025.etszk.u-szeged.hu\/index.php\/wp-json\/wp\/v2\/types\/page"}],"author":[{"embeddable":true,"href":"https:\/\/conference2025.etszk.u-szeged.hu\/index.php\/wp-json\/wp\/v2\/users\/1"}],"replies":[{"embeddable":true,"href":"https:\/\/conference2025.etszk.u-szeged.hu\/index.php\/wp-json\/wp\/v2\/comments?post=432"}],"version-history":[{"count":3,"href":"https:\/\/conference2025.etszk.u-szeged.hu\/index.php\/wp-json\/wp\/v2\/pages\/432\/revisions"}],"predecessor-version":[{"id":436,"href":"https:\/\/conference2025.etszk.u-szeged.hu\/index.php\/wp-json\/wp\/v2\/pages\/432\/revisions\/436"}],"wp:attachment":[{"href":"https:\/\/conference2025.etszk.u-szeged.hu\/index.php\/wp-json\/wp\/v2\/media?parent=432"}],"curies":[{"name":"wp","href":"https:\/\/api.w.org\/{rel}","templated":true}]}}