{"id":446,"date":"2024-06-06T14:33:46","date_gmt":"2024-06-06T12:33:46","guid":{"rendered":"https:\/\/conference2025.etszk.u-szeged.hu\/?page_id=446"},"modified":"2024-06-06T15:03:13","modified_gmt":"2024-06-06T13:03:13","slug":"egyetem","status":"publish","type":"page","link":"https:\/\/conference2025.etszk.u-szeged.hu\/index.php\/egyetem\/","title":{"rendered":"Egyetem"},"content":{"rendered":"\n<div class=\"wp-block-group alignfull has-background-secondary-background-color has-background is-content-justification-center is-layout-constrained wp-block-group-is-layout-constrained\" style=\"margin-top:0rem;margin-bottom:0rem;padding-top:100px;padding-right:30px;padding-bottom:100px;padding-left:30px\">\n<p class=\"has-text-align-center has-no-hover-shadow-dark animated animated-fadeInUp has-primary-color has-background-background-color has-text-color has-background has-small-font-size\" style=\"padding-top:0;padding-right:var(--wp--preset--spacing--40);padding-bottom:0;padding-left:var(--wp--preset--spacing--40);letter-spacing:0px\"><strong>SZTE<\/strong><\/p>\n\n\n\n<div class=\"wp-block-columns alignwide are-vertically-aligned-top gutenify-section-f947ac60-d092-11ed-8ce7-6b0c7b3708f0 is-layout-flex wp-container-core-columns-is-layout-1 wp-block-columns-is-layout-flex\">\n<div class=\"wp-block-column is-vertically-aligned-top gutenify-section-f9478550-d092-11ed-8ce7-6b0c7b3708f0 is-layout-flow wp-block-column-is-layout-flow\" style=\"flex-basis:55%\">\n<div class=\"wp-block-group gutenify-section-f9475e40-d092-11ed-8ce7-6b0c7b3708f0 is-layout-flow wp-block-group-is-layout-flow\">\n<figure class=\"wp-block-embed is-type-video is-provider-youtube wp-block-embed-youtube wp-embed-aspect-16-9 wp-has-aspect-ratio\"><div class=\"wp-block-embed__wrapper\">\n<iframe loading=\"lazy\" title=\"SZTE - \u201cA gy\u00f3gy\u00edt\u00e1s lesz a hivat\u00e1som\u201d - Legy\u00e9l te a k\u00f6vetkez\u0151!\" width=\"500\" height=\"281\" src=\"https:\/\/www.youtube.com\/embed\/dIVsavLh944?feature=oembed\" frameborder=\"0\" allow=\"accelerometer; autoplay; clipboard-write; encrypted-media; gyroscope; picture-in-picture; web-share\" referrerpolicy=\"strict-origin-when-cross-origin\" allowfullscreen><\/iframe>\n<\/div><\/figure>\n\n\n\n<figure class=\"wp-block-embed is-type-video is-provider-youtube wp-block-embed-youtube wp-embed-aspect-16-9 wp-has-aspect-ratio\"><div class=\"wp-block-embed__wrapper\">\n<iframe loading=\"lazy\" title=\"SZTE - \u201cA kreat\u00edv \u00e9s szabad gondolkod\u00e1s a legfontosabb sz\u00e1momra.\u201d - Legy\u00e9l te a k\u00f6vetkez\u0151!\" width=\"500\" height=\"281\" src=\"https:\/\/www.youtube.com\/embed\/q69wBL9A-80?feature=oembed\" frameborder=\"0\" allow=\"accelerometer; autoplay; clipboard-write; encrypted-media; gyroscope; picture-in-picture; web-share\" referrerpolicy=\"strict-origin-when-cross-origin\" allowfullscreen><\/iframe>\n<\/div><\/figure>\n<\/div>\n<\/div>\n\n\n\n<div class=\"wp-block-column is-vertically-aligned-top gutenify-section-f9447810-d092-11ed-8ce7-6b0c7b3708f0 is-layout-flow wp-block-column-is-layout-flow\" style=\"flex-basis:45%\">\n<div class=\"wp-block-group gutenify-section-f9445100-d092-11ed-8ce7-6b0c7b3708f0 is-layout-flow wp-block-group-is-layout-flow\">\n<div class=\"wp-block-group alignwide is-layout-flow wp-container-core-group-is-layout-3 wp-block-group-is-layout-flow\" style=\"padding-bottom:0px\">\n<div class=\"wp-block-group is-layout-constrained wp-container-core-group-is-layout-2 wp-block-group-is-layout-constrained\">\n<h2 class=\"wp-block-heading has-text-align-left animated animated-fadeInUp has-slider-title-font-size\" style=\"line-height:1.3;text-transform:none\">Ismerje meg az egyetem\u00fcnket<\/h2>\n<\/div>\n<\/div>\n\n\n\n<p class=\"animated animated-fadeInUp has-normal-font-size\">A brit Quacquarelli Symonds (QS) nemzetk\u00f6zi fels\u0151oktat\u00e1si list\u00e1j\u00e1n a legjobb magyar egyetemk\u00e9nt rangsorolt Szegedi Tudom\u00e1nyegyetem 13 k\u00e9pz\u00e9si ter\u00fcleten k\u00edn\u00e1l tov\u00e1bbtanul\u00e1si lehet\u0151s\u00e9get. Az egyetem tizenk\u00e9t kar\u00e1n \u00e9s Tan\u00e1rk\u00e9pz\u0151 K\u00f6zpontj\u00e1ban az \u00e9lethosszig tart\u00f3 tanul\u00e1s jegy\u00e9ben sok sz\u00e1z alap-, mester-, egys\u00e9ges, osztatlan \u00e9s doktori k\u00e9pz\u00e9ssel, fels\u0151oktat\u00e1si szakk\u00e9pz\u00e9ssel, szakir\u00e1ny\u00fa tov\u00e1bbk\u00e9pz\u00e9si \u00e9s feln\u0151ttk\u00e9pz\u00e9si programmal v\u00e1rja a tanulni v\u00e1gy\u00f3kat az eg\u00e9szs\u00e9g\u00fcgyi szakokt\u00f3l kezdve a b\u00f6lcs\u00e9szeti, gazdas\u00e1gi, jogi, term\u00e9szettudom\u00e1nyi \u00e9s pedag\u00f3gusk\u00e9pz\u00e9sen \u00e1t az agr\u00e1r, m\u00e9rn\u00f6ki \u00e9s m\u0171v\u00e9szeti programokig<\/p>\n\n\n\n<div class=\"wp-block-buttons animated animated-fadeInUp is-layout-flex wp-block-buttons-is-layout-flex\" style=\"margin-top:2.25rem\">\n<div class=\"wp-block-button  animated animated-fadeInUp\"><a class=\"wp-block-button__link wp-element-button\" href=\"https:\/\/u-szeged.hu\/bemutatkozas\">Tudj meg t\u00f6bbet!<\/a><\/div>\n<\/div>\n<\/div>\n<\/div>\n<\/div>\n<\/div>\n","protected":false},"excerpt":{"rendered":"<p>SZTE Ismerje meg az egyetem\u00fcnket A brit Quacquarelli Symonds (QS) nemzetk\u00f6zi fels\u0151oktat\u00e1si list\u00e1j\u00e1n a legjobb [&hellip;]<\/p>\n","protected":false},"author":1,"featured_media":0,"parent":0,"menu_order":0,"comment_status":"closed","ping_status":"closed","template":"","meta":{"footnotes":""},"_links":{"self":[{"href":"https:\/\/conference2025.etszk.u-szeged.hu\/index.php\/wp-json\/wp\/v2\/pages\/446"}],"collection":[{"href":"https:\/\/conference2025.etszk.u-szeged.hu\/index.php\/wp-json\/wp\/v2\/pages"}],"about":[{"href":"https:\/\/conference2025.etszk.u-szeged.hu\/index.php\/wp-json\/wp\/v2\/types\/page"}],"author":[{"embeddable":true,"href":"https:\/\/conference2025.etszk.u-szeged.hu\/index.php\/wp-json\/wp\/v2\/users\/1"}],"replies":[{"embeddable":true,"href":"https:\/\/conference2025.etszk.u-szeged.hu\/index.php\/wp-json\/wp\/v2\/comments?post=446"}],"version-history":[{"count":3,"href":"https:\/\/conference2025.etszk.u-szeged.hu\/index.php\/wp-json\/wp\/v2\/pages\/446\/revisions"}],"predecessor-version":[{"id":468,"href":"https:\/\/conference2025.etszk.u-szeged.hu\/index.php\/wp-json\/wp\/v2\/pages\/446\/revisions\/468"}],"wp:attachment":[{"href":"https:\/\/conference2025.etszk.u-szeged.hu\/index.php\/wp-json\/wp\/v2\/media?parent=446"}],"curies":[{"name":"wp","href":"https:\/\/api.w.org\/{rel}","templated":true}]}}