{"id":532,"date":"2024-06-25T13:16:19","date_gmt":"2024-06-25T11:16:19","guid":{"rendered":"https:\/\/conference2025.etszk.u-szeged.hu\/?page_id=532"},"modified":"2025-02-20T11:04:58","modified_gmt":"2025-02-20T10:04:58","slug":"karunk","status":"publish","type":"page","link":"https:\/\/conference2025.etszk.u-szeged.hu\/index.php\/karunk\/","title":{"rendered":"Karunk"},"content":{"rendered":"\n<p class=\"has-text-align-center\"><strong>SZTE ETSZK<\/strong><\/p>\n\n\n\n<figure class=\"wp-block-gallery has-nested-images columns-4 is-cropped wp-block-gallery-1 is-layout-flex wp-block-gallery-is-layout-flex\">\n<figure class=\"wp-block-image size-full\"><img loading=\"lazy\" decoding=\"async\" width=\"1158\" height=\"201\" data-id=\"558\" src=\"https:\/\/conference2025.etszk.u-szeged.hu\/wp-content\/uploads\/2024\/06\/LOGOK-1.png\" alt=\"\" class=\"wp-image-558\" srcset=\"https:\/\/conference2025.etszk.u-szeged.hu\/wp-content\/uploads\/2024\/06\/LOGOK-1.png 1158w, https:\/\/conference2025.etszk.u-szeged.hu\/wp-content\/uploads\/2024\/06\/LOGOK-1-300x52.png 300w, https:\/\/conference2025.etszk.u-szeged.hu\/wp-content\/uploads\/2024\/06\/LOGOK-1-1024x178.png 1024w, https:\/\/conference2025.etszk.u-szeged.hu\/wp-content\/uploads\/2024\/06\/LOGOK-1-768x133.png 768w\" sizes=\"(max-width: 1158px) 100vw, 1158px\" \/><\/figure>\n<\/figure>\n\n\n\n<div style=\"height:24px\" aria-hidden=\"true\" class=\"wp-block-spacer\"><\/div>\n\n\n\n<h2 class=\"wp-block-heading alignwide has-text-align-center animated animated-fadeInUp has-foreground-color has-text-color has-large-font-size\" style=\"margin-bottom:var(--wp--preset--spacing--40);font-style:normal;font-weight:600;text-transform:capitalize\">SZEGEDI TUDOM\u00c1NYEGYETEM <br>EG\u00c9SZS\u00c9GTUDOM\u00c1NYI \u00c9S SZOCI\u00c1LIS K\u00c9PZ\u00c9SI KAR<\/h2>\n\n\n\n<div class=\"wp-block-group is-layout-flow wp-container-core-group-is-layout-1 wp-block-group-is-layout-flow\">\n<p class=\"justify-text\">A Szegedi Tudom\u00e1nyegyetem Eg\u00e9szs\u00e9gtudom\u00e1nyi \u00e9s Szoci\u00e1lis K\u00e9pz\u00e9si Kara (SZTE ETSZK) elk\u00f6telezett a magas sz\u00ednvonal\u00fa oktat\u00e1s \u00e9s kutat\u00e1s ir\u00e1nt az eg\u00e9szs\u00e9gtudom\u00e1nyok \u00e9s a szoci\u00e1lis ell\u00e1t\u00e1s ter\u00fclet\u00e9n.<\/p>\n\n\n\n<div style=\"height:19px\" aria-hidden=\"true\" class=\"wp-block-spacer\"><\/div>\n\n\n\n<figure class=\"wp-block-image size-full\"><img loading=\"lazy\" decoding=\"async\" width=\"1899\" height=\"510\" src=\"https:\/\/conference2025.etszk.u-szeged.hu\/wp-content\/uploads\/2024\/05\/etszk.png\" alt=\"\" class=\"wp-image-120\"\/><\/figure>\n\n\n\n<div style=\"height:41px\" aria-hidden=\"true\" class=\"wp-block-spacer\"><\/div>\n\n\n\n<p style=\"margin-top:var(--wp--preset--spacing--30);margin-bottom:var(--wp--preset--spacing--30)\">Karunkon 1938-ban kezd\u0151d\u00f6tt el az oktat\u00e1s, az Orsz\u00e1gos K\u00f6zeg\u00e9szs\u00e9g\u00fcgyi Int\u00e9zet keretein bel\u00fcl a szegedi v\u00e9d\u0151n\u0151 k\u00e9pz\u00e9snek adott otthont \u00fajszegedi \u00e9p\u00fclet\u00fcnk. 1973-t\u00f3l m\u00e1r f\u0151iskolai szint\u0171 oktat\u00e1st kaptak v\u00e9d\u0151n\u0151ink, \u00f6n\u00e1ll\u00f3 t\u00e1rgyakk\u00e9nt pedig a t\u00e1rsadalomtudom\u00e1nyok is megjelentek a k\u00e9pz\u00e9si tematik\u00e1ban. A f\u0151iskolai szint\u0171 v\u00e9d\u0151n\u0151 k\u00e9pz\u00e9s megind\u00edt\u00e1sa, majd folyamatos fejleszt\u00e9se szorosan kapcsol\u00f3dik Dr. Sz\u00e9l \u00c9va professzor asszony nev\u00e9hez \u00e9s tev\u00e9kenys\u00e9g\u00e9hez, m\u00e1sf\u00e9l \u00e9vtizedes vezet\u00e9se alatt a kihelyezett tagozat orsz\u00e1gos szint\u0171 elismerts\u00e9get v\u00edvott ki.<\/p>\n\n\n\n<p style=\"margin-top:var(--wp--preset--spacing--30);margin-bottom:var(--wp--preset--spacing--30)\"><br>1989-ben a Szent-Gy\u00f6rgyi Albert Orvostudom\u00e1nyi Egyetem f\u0151iskolai karak\u00e9nt m\u0171k\u00f6dt\u00fcnk tov\u00e1bb, a k\u00e9s\u0151bbiekben a gy\u00f3gytorn\u00e1sz \u00e9s szoci\u00e1lis munka szak alap\u00edt\u00e1s\u00e1val \u00e9s megszervez\u00e9s\u00e9vel gazdag\u00edtottuk k\u00e9pz\u00e9si palett\u00e1nkat. 1993-ban megalap\u00edtottuk \u00c1pol\u00e1si Tansz\u00e9k\u00fcnket azzal a c\u00e9llal, hogy a diplom\u00e1s \u00e1pol\u00f3k k\u00e9pz\u00e9s\u00e9t szolg\u00e1lja, hozz\u00e1j\u00e1ruljon az \u00e1pol\u00e1s gyakorlat\u00e1nak fejl\u0151d\u00e9s\u00e9hez, valamint az \u00e1pol\u00e1studom\u00e1ny m\u0171vel\u00e9s\u00e9hez.<\/p>\n\n\n\n<p style=\"margin-top:var(--wp--preset--spacing--30);margin-bottom:var(--wp--preset--spacing--30)\"><br>2000-t\u0151l az eg\u00e9sz orsz\u00e1gban v\u00e9gbement int\u00e9zm\u00e9nyi integr\u00e1ci\u00f3 eredm\u00e9nyek\u00e9nt Karunk a Szegedi Tudom\u00e1nyegyetem \u00f6n\u00e1ll\u00f3 egys\u00e9gek\u00e9nt m\u0171k\u00f6dik, kezdetben Eg\u00e9szs\u00e9g\u00fcgyi F\u0151iskolai Kar, majd 2006 november\u00e9t\u0151l Eg\u00e9szs\u00e9gtudom\u00e1nyi \u00e9s Szoci\u00e1lis K\u00e9pz\u00e9si Kar n\u00e9ven.<\/p>\n\n\n\n<p style=\"margin-top:var(--wp--preset--spacing--30);margin-bottom:var(--wp--preset--spacing--30)\"><br>2014-t\u0151l a Fogorvostudom\u00e1nyi Karral k\u00f6z\u00f6sen \u00fatj\u00e1ra ind\u00edtottuk dent\u00e1lhigi\u00e9nikus alapk\u00e9pz\u00e9s\u00fcnket, jelenleg pedig a ment\u0151tiszt \u00e9s a sz\u00fcl\u00e9szn\u0151 szakir\u00e1nyok elind\u00edt\u00e1sa \u00fcgy\u00e9ben tessz\u00fck meg a sz\u00fcks\u00e9ges el\u0151k\u00e9sz\u00fcleteket.<\/p>\n\n\n\n<p style=\"margin-top:var(--wp--preset--spacing--30);margin-bottom:var(--wp--preset--spacing--30)\"><br>A kutat\u00e1s k\u00f6zponti szerepet j\u00e1tszik k\u00fcldet\u00e9s\u00fcnkben, oktat\u00f3ink sz\u00e1mos kutat\u00e1si projektben vesznek r\u00e9szt, amelyek c\u00e9lja az eg\u00e9szs\u00e9g- \u00e9s t\u00e1rsadalomtudom\u00e1nyi ismeretek b\u0151v\u00edt\u00e9se, valamint a szoci\u00e1lis \u00e9s a betegell\u00e1t\u00e1s jav\u00edt\u00e1sa. Hangs\u00falyozzuk az interdiszciplin\u00e1ris egy\u00fcttm\u0171k\u00f6d\u00e9st, \u00f6szt\u00f6n\u00f6zve kutat\u00f3inkat, hogy m\u00e1s karok \u00e9s nemzetk\u00f6zi int\u00e9zm\u00e9nyek munkat\u00e1rsaival dolgozzanak egy\u00fctt.<br><\/p>\n\n\n\n<p style=\"margin-top:var(--wp--preset--spacing--30);margin-bottom:var(--wp--preset--spacing--30)\">A Kar korszer\u0171 l\u00e9tes\u00edtm\u00e9nyekkel rendelkezik, bele\u00e9rtve demonstr\u00e1ci\u00f3s termeinket, mozg\u00e1sanalitikai \u00e9s ergometri\u00e1s laborunkat. Karunkon n\u00e9h\u00e1ny ritkas\u00e1gnak sz\u00e1m\u00edt\u00f3 k\u00e9sz\u00fcl\u00e9k is beszerz\u00e9sre ker\u00fclt az elm\u00falt \u00e9vekben, az orsz\u00e1gban egyed\u00fcl\u00e1ll\u00f3 Anatomage anat\u00f3miai asztal, VR-szem\u00fcvegek, fizioter\u00e1pi\u00e1s l\u00e9zer\/m\u00e9lyoszcill\u00e1ci\u00f3s\/elektroter\u00e1pi\u00e1s k\u00e9sz\u00fcl\u00e9kek is a Kar \u00e1llom\u00e1ny\u00e1t gyarap\u00edtj\u00e1k. Ezek az er\u0151forr\u00e1sok lehet\u0151s\u00e9get ny\u00fajtanak hallgat\u00f3inknak, hogy gyakorlati tapasztalatokat szerezzenek, \u00e9s elsaj\u00e1t\u00edts\u00e1k a j\u00f6v\u0151beni p\u00e1ly\u00e1jukhoz sz\u00fcks\u00e9ges k\u00e9szs\u00e9geket. Tov\u00e1bb\u00e1 a helyi k\u00f3rh\u00e1zakkal, eg\u00e9szs\u00e9g\u00fcgyi int\u00e9zm\u00e9nyekkel \u00e9s szoci\u00e1lis szolg\u00e1ltat\u00f3kkal fenntartott partners\u00e9g\u00fcnk biztos\u00edtja, hogy a n\u00e1lunk v\u00e9gzettek \u00e9rt\u00e9kes gyakorlati tapasztalatokat szerezzenek tanulm\u00e1nyaik sor\u00e1n.<\/p>\n\n\n\n<div class=\"wp-block-buttons animated fadeInUp is-content-justification-center is-layout-flex wp-container-core-buttons-is-layout-1 wp-block-buttons-is-layout-flex\" style=\"margin-top:40px;margin-bottom:20px\"><\/div>\n<\/div>\n","protected":false},"excerpt":{"rendered":"<p>SZTE ETSZK SZEGEDI TUDOM\u00c1NYEGYETEM EG\u00c9SZS\u00c9GTUDOM\u00c1NYI \u00c9S SZOCI\u00c1LIS K\u00c9PZ\u00c9SI KAR A Szegedi Tudom\u00e1nyegyetem Eg\u00e9szs\u00e9gtudom\u00e1nyi \u00e9s Szoci\u00e1lis [&hellip;]<\/p>\n","protected":false},"author":1,"featured_media":0,"parent":0,"menu_order":0,"comment_status":"closed","ping_status":"closed","template":"","meta":{"footnotes":""},"_links":{"self":[{"href":"https:\/\/conference2025.etszk.u-szeged.hu\/index.php\/wp-json\/wp\/v2\/pages\/532"}],"collection":[{"href":"https:\/\/conference2025.etszk.u-szeged.hu\/index.php\/wp-json\/wp\/v2\/pages"}],"about":[{"href":"https:\/\/conference2025.etszk.u-szeged.hu\/index.php\/wp-json\/wp\/v2\/types\/page"}],"author":[{"embeddable":true,"href":"https:\/\/conference2025.etszk.u-szeged.hu\/index.php\/wp-json\/wp\/v2\/users\/1"}],"replies":[{"embeddable":true,"href":"https:\/\/conference2025.etszk.u-szeged.hu\/index.php\/wp-json\/wp\/v2\/comments?post=532"}],"version-history":[{"count":34,"href":"https:\/\/conference2025.etszk.u-szeged.hu\/index.php\/wp-json\/wp\/v2\/pages\/532\/revisions"}],"predecessor-version":[{"id":834,"href":"https:\/\/conference2025.etszk.u-szeged.hu\/index.php\/wp-json\/wp\/v2\/pages\/532\/revisions\/834"}],"wp:attachment":[{"href":"https:\/\/conference2025.etszk.u-szeged.hu\/index.php\/wp-json\/wp\/v2\/media?parent=532"}],"curies":[{"name":"wp","href":"https:\/\/api.w.org\/{rel}","templated":true}]}}