{"id":641,"date":"2025-02-18T14:24:44","date_gmt":"2025-02-18T13:24:44","guid":{"rendered":"https:\/\/conference2025.etszk.u-szeged.hu\/?page_id=641"},"modified":"2025-02-24T08:35:42","modified_gmt":"2025-02-24T07:35:42","slug":"oznur-buyukturan-pt-phd","status":"publish","type":"page","link":"https:\/\/conference2025.etszk.u-szeged.hu\/index.php\/oznur-buyukturan-pt-phd\/","title":{"rendered":"\u00d6znur B\u00fcy\u00fckturan PT, PhD"},"content":{"rendered":"\n<figure class=\"wp-block-image size-full is-resized\"><img loading=\"lazy\" decoding=\"async\" width=\"480\" height=\"480\" src=\"https:\/\/conference2025.etszk.u-szeged.hu\/wp-content\/uploads\/2025\/02\/Oznur-Buyukturan-2.jpg\" alt=\"\" class=\"wp-image-852\" style=\"width:250px\" srcset=\"https:\/\/conference2025.etszk.u-szeged.hu\/wp-content\/uploads\/2025\/02\/Oznur-Buyukturan-2.jpg 480w, https:\/\/conference2025.etszk.u-szeged.hu\/wp-content\/uploads\/2025\/02\/Oznur-Buyukturan-2-300x300.jpg 300w, https:\/\/conference2025.etszk.u-szeged.hu\/wp-content\/uploads\/2025\/02\/Oznur-Buyukturan-2-150x150.jpg 150w\" sizes=\"(max-width: 480px) 100vw, 480px\" \/><\/figure>\n\n\n\n<p>E-Mail Address:\u00a0\u00a0\u00a0 fzt_oznur@hotmail.com<br>Phone (Work):\u00a0\u00a0\u00a0 0386280-5369<br>Phone (Mobile):\u00a0\u00a0\u00a0 05054933054<br>Address: Terme Cad. Fizik Tedavi ve Rehabilitasyon Merkezi, Merkez\/KIR\u015eEH\u0130R<\/p>\n\n\n\n<p><a href=\"https:\/\/conference2025.etszk.u-szeged.hu\/wp-content\/uploads\/2025\/02\/OZNUR-BUYUKTURAN.pdf\">OZNUR-BUYUKTURAN.pdf<\/a><\/p>\n","protected":false},"excerpt":{"rendered":"<p>E-Mail Address:\u00a0\u00a0\u00a0 fzt_oznur@hotmail.comPhone (Work):\u00a0\u00a0\u00a0 0386280-5369Phone (Mobile):\u00a0\u00a0\u00a0 05054933054Address: Terme Cad. Fizik Tedavi ve Rehabilitasyon Merkezi, Merkez\/KIR\u015eEH\u0130R [&hellip;]<\/p>\n","protected":false},"author":1,"featured_media":0,"parent":0,"menu_order":0,"comment_status":"closed","ping_status":"closed","template":"","meta":{"footnotes":""},"_links":{"self":[{"href":"https:\/\/conference2025.etszk.u-szeged.hu\/index.php\/wp-json\/wp\/v2\/pages\/641"}],"collection":[{"href":"https:\/\/conference2025.etszk.u-szeged.hu\/index.php\/wp-json\/wp\/v2\/pages"}],"about":[{"href":"https:\/\/conference2025.etszk.u-szeged.hu\/index.php\/wp-json\/wp\/v2\/types\/page"}],"author":[{"embeddable":true,"href":"https:\/\/conference2025.etszk.u-szeged.hu\/index.php\/wp-json\/wp\/v2\/users\/1"}],"replies":[{"embeddable":true,"href":"https:\/\/conference2025.etszk.u-szeged.hu\/index.php\/wp-json\/wp\/v2\/comments?post=641"}],"version-history":[{"count":6,"href":"https:\/\/conference2025.etszk.u-szeged.hu\/index.php\/wp-json\/wp\/v2\/pages\/641\/revisions"}],"predecessor-version":[{"id":854,"href":"https:\/\/conference2025.etszk.u-szeged.hu\/index.php\/wp-json\/wp\/v2\/pages\/641\/revisions\/854"}],"wp:attachment":[{"href":"https:\/\/conference2025.etszk.u-szeged.hu\/index.php\/wp-json\/wp\/v2\/media?parent=641"}],"curies":[{"name":"wp","href":"https:\/\/api.w.org\/{rel}","templated":true}]}}