{"id":673,"date":"2025-02-18T15:30:01","date_gmt":"2025-02-18T14:30:01","guid":{"rendered":"https:\/\/conference2025.etszk.u-szeged.hu\/?page_id=673"},"modified":"2025-02-18T15:30:01","modified_gmt":"2025-02-18T14:30:01","slug":"peter-horvath-phd-dsc","status":"publish","type":"page","link":"https:\/\/conference2025.etszk.u-szeged.hu\/index.php\/peter-horvath-phd-dsc\/","title":{"rendered":"P\u00e9ter Horv\u00e1th PhD, DSc"},"content":{"rendered":"\n<figure class=\"wp-block-image size-full is-resized\"><img loading=\"lazy\" decoding=\"async\" width=\"938\" height=\"939\" src=\"https:\/\/conference2025.etszk.u-szeged.hu\/wp-content\/uploads\/2024\/05\/Horvath-Peter.jpg\" alt=\"\" class=\"wp-image-381\" style=\"width:256px;height:auto\" srcset=\"https:\/\/conference2025.etszk.u-szeged.hu\/wp-content\/uploads\/2024\/05\/Horvath-Peter.jpg 938w, https:\/\/conference2025.etszk.u-szeged.hu\/wp-content\/uploads\/2024\/05\/Horvath-Peter-300x300.jpg 300w, https:\/\/conference2025.etszk.u-szeged.hu\/wp-content\/uploads\/2024\/05\/Horvath-Peter-150x150.jpg 150w, https:\/\/conference2025.etszk.u-szeged.hu\/wp-content\/uploads\/2024\/05\/Horvath-Peter-768x769.jpg 768w\" sizes=\"(max-width: 938px) 100vw, 938px\" \/><\/figure>\n\n\n\n<h2 class=\"wp-block-heading\">Curriculum vitae<br><a><br><\/a>Personal information<\/h2>\n\n\n\n<figure class=\"wp-block-table\"><table><tbody><tr><td>First name, Surname:<\/td><td colspan=\"3\">Peter, Horvath<\/td><\/tr><tr><td>Date of birth:<\/td><td>11th October, 1980<\/td><td>Sex:<\/td><td>male<\/td><\/tr><tr><td>Nationality:<\/td><td colspan=\"3\">Hungarian<\/td><\/tr><tr><td>Researcher unique identifier(s)<br>(ORCID, ResearcherID, etc.):<\/td><td colspan=\"3\">0000-0002-4492-1798<\/td><\/tr><tr><td>URL for personal website:<\/td><td colspan=\"3\"><a href=\"http:\/\/group.szbk.u-szeged.hu\/sysbiol\/horvath-peter-lab-index.html\">Peter Horvath Laboratory (u-szeged.hu)<\/a><\/td><\/tr><\/tbody><\/table><\/figure>\n\n\n\n<p><strong><br><\/strong><strong>Education<\/strong><strong><\/strong><\/p>\n\n\n\n<figure class=\"wp-block-table\"><table><tbody><tr><td>Year<\/td><td>Faculty\/department &#8211; University\/institution &#8211; Country<\/td><\/tr><tr><td>2023<\/td><td>DSc. &#8211; Hungary<\/td><\/tr><tr><td>2008<\/td><td>Ph.D. : Digital image analysis &#8211; University of Nice, Sophia Antipolis &#8211; France<\/td><\/tr><tr><td>2003<\/td><td>MSc: Computer Science, Mathematics &#8211; University of Szeged &#8211; Hungary<\/td><\/tr><\/tbody><\/table><\/figure>\n\n\n\n<p><a><br><\/a><a><\/a><strong>Positions &#8211; current and previous<\/strong><\/p>\n\n\n\n<figure class=\"wp-block-table\"><table><tbody><tr><td>Year<\/td><td>Job title \u2013 Employer &#8211; Country<\/td><\/tr><tr><td>2023-<\/td><td>Senior Researcher &#8211; Helmholtz Munich, AI4Health Institute, Germany<\/td><\/tr><tr><td>2018 &#8211;<\/td><td>Director \u2013 Institute of Biochemistry, Biological Research Centre (BRC) \u2013 Hungary<\/td><\/tr><tr><td>2017 -2023<\/td><td>Director \u2013 FIMM High-Content Analysis Facility (FIMM-HCA HELMI) \u2013 Finland<\/td><\/tr><tr><td>2016 &#8211;<\/td><td>CEO, Single-Cell Technologies Ltd., Szeged, Hungary<\/td><\/tr><tr><td>2014 -2023<\/td><td>Distinguished Professor Fellow \u2013 FIMM, University of Helsinki \u2013 Finland<\/td><\/tr><tr><td>2014 &#8211;<\/td><td>Research group leader \u2013 Biological Research Center, Szeged \u2013 Hungary<\/td><\/tr><tr><td>2007- 2013<\/td><td>Senior Scientist, docent \u2013 ETH, Zurich \u2013 Switzerland<\/td><\/tr><\/tbody><\/table><\/figure>\n\n\n\n<p><strong>Project management experience<\/strong><\/p>\n\n\n\n<figure class=\"wp-block-table\"><table><tbody><tr><td><a><\/a><a>Year<\/a><\/td><td>Project owner &#8211; Project &#8211; Role &#8211; Funder<\/td><\/tr><tr><td>2019 &#8211; 2023<\/td><td>BRC &#8211; Artificial intelligence driven machines for biological discoveries \u2013 PI role \u2013 HAS Momentum starting Grant<\/td><\/tr><tr><td>2021 -2022<\/td><td>BRC &#8211; Nerve cell phenotyping and examining their communication using artificial intelligence and the automated patch clamp system \u2013 PI role \u2013 ELKH Consortium<\/td><\/tr><tr><td>2021 &#8211; 2023<\/td><td>BRC -The proteogenomic map of tumour cell division \u2013 PI role &#8211; ELKH Excellence Programme<\/td><\/tr><tr><td>2021 &#8211; 2024<\/td><td>BRC &#8211; Intelligent inference system to support biological discovery and its application in cancer research \u2013 coPI &#8211; OTKA SNN, NRDIO<\/td><\/tr><tr><td>2022 &#8211; 2025<\/td><td>BRC &#8211; Artificial intelligence-based single cell analysis &#8211; from basic research to the bedside \u2013 PI role &#8211; Thematic Excellence Programme Grant<\/td><\/tr><tr><td>2022 &#8211; 2025<\/td><td>BRC &#8211; Discovering the cellular landscape of the airways and the lung (DisvovAIR) \u2013 coPI role &#8211; H2020 HCA Seeding<\/td><\/tr><tr><td>2022 &#8211; 2026<\/td><td>BRC &#8211; Deep learning-based methods for automatically performing patch-clamp recording on multiple neurons \u2013 coPI- NAP3 NRDIO<\/td><\/tr><tr><td>2022 &#8211; 2025<\/td><td>BRC &#8211; BIALYMP (Bispecific antibodies in Lymphoma: Microenvironmental profiling to predict treatment response and uncover immunogenic resistance mechanisms)- coPI &#8211; EU Horizon 2020, TRANSCAN2021<\/td><\/tr><tr><td>2022 &#8211; 2025<\/td><td>BRC- Fast Infrared Coherent Harmonic Microscopy ( FAIR CHARM)\u2013 coPI &#8211; EU Horizon 2020<\/td><\/tr><tr><td>2023 &#8211;&nbsp; 2026<\/td><td>BRC &#8211; Swept laser enabled non-invasive Diagnostic tools (SWEEPICS) \u2013 coPI &#8211; EU Horizon<\/td><\/tr><tr><td>2025 &#8211; 2027<\/td><td>HUN-REN BRC \u2013 TKCS-2024\/73; Towards the deep molecular map of cellular state transitions \u2013 PI<\/td><\/tr><\/tbody><\/table><\/figure>\n\n\n\n<p><br><strong>Supervision of students<\/strong><\/p>\n\n\n\n<figure class=\"wp-block-table\"><table><tbody><tr><td>Master&#8217;s students<\/td><td>Ph.D.<br>students<\/td><td>University\/institution &#8211; Country<\/td><\/tr><tr><td>3<\/td><td>7<\/td><td>Institute of Biochemistry, Biological Research Centre (BRC) \u2013 Hungary<\/td><\/tr><\/tbody><\/table><\/figure>\n\n\n\n<p><br><strong>Other relevant professional experiences<\/strong><\/p>\n\n\n\n<figure class=\"wp-block-table\"><table><tbody><tr><td>Year<\/td><td>Description &#8211; Role<\/td><\/tr><tr><td>2024 \u2013<\/td><td>ELLIS Membership<\/td><\/tr><tr><td>2023 \u2013<\/td><td>KEPAF (Hungarian Association for Image Processing and Pattern Recognition) &#8211; President<\/td><\/tr><tr><td>2018&nbsp;&nbsp;&nbsp;&nbsp;&nbsp;<\/td><td>Organized the NEUBIAS 2018 Szeged conference (250 participants, the largest bioimage informatics conference worldwide)<\/td><\/tr><tr><td>2014 \u2013 2016<\/td><td>Councillor (Member of the Board of Directors) for the Society of Biomolecular Imaging and Informatics (SBI2<\/td><\/tr><tr><td>2010 \u2013<\/td><td>Chair of the European Cell-based Assays Interest Group (EUCAI)<\/td><\/tr><tr><td>2008 \u2013<\/td><td>Organizer and Session chair of numerous conferences, meetings, and workshops<\/td><\/tr><\/tbody><\/table><\/figure>\n\n\n\n<p><a><strong>Track record<\/strong><\/a><\/p>\n\n\n\n<ul>\n<li>Peter Horvath has published 140 peer reviewed scientific articles, with an h-index of 47, cumulative impact factor of 1416, 227 and 14\u00a0572 citations (Google scholar \u2013 <a href=\"https:\/\/scholar.google.com\/citations?hl=hu&amp;user=R4hqVckAAAAJ&amp;view_op=list_works&amp;sortby=pubdate\">Peter Horvath<\/a>).<\/li>\n\n\n\n<li>Selected publications in major national or international peer-reviewed journals:<\/li>\n<\/ul>\n\n\n\n<ul>\n<li><em>Learning representations for image-based profiling of perturbations, , Moshkov, N., Bornholdt, M., Benoit, S., Smith, M., McQuin, C., Horvath, P., &#8230;, Carpenter, A. E., Singh, S., Caicedo, J. C., <strong>Nature Communications<\/strong>, 15 (1), 1594, 2024<\/em><\/li>\n\n\n\n<li><em>Segmentation metric misinterpretations in bioimage analysis, Hirling, D., Tasnadi, E., Caicedo, J., Caroprese, MV., &#8230;, Koos, K.,<\/em><strong><u> Horvath, P<\/u><\/strong><em>., Nature methods,1-4, 2023<\/em><\/li>\n\n\n\n<li><em>An integrated cell atlas of the lung in health and disease; Sikkema, L., Ram\u00edrez-Su\u00e1stegui, C., Strobl, C.D., Gillett, T. E., Zappia, L., Madissoon, E., &#8230;, HCA Lung Biological Network <\/em><strong><u>(Horvath, P.),<\/u><\/strong><em> &#8230;, Nawijn, M.C., Luecken, M.D., Theis, F., <\/em><strong>Nature Medicine <\/strong>29, 1563-1577,2023<\/li>\n\n\n\n<li><em>Predicting compound activity from phenotypic profiles and chemical structures; Moshkov, N., Becker, T., Yang, K., <\/em><strong><u>Horvath, P.,<\/u><\/strong><em> Dancik, V., &#8230;, Carpenter, A. E., Caicedo, J. C., <\/em><strong>Nature Communications 14, <\/strong>1967,2023<\/li>\n\n\n\n<li><em>Cell Segmentation and Representation with Shape Priors, Hirling, D., <\/em><strong><u>Horvath, P.<\/u><\/strong><em>, <\/em><strong>Computational and Structural Biotechnology Journal<\/strong> 21, 742-750, 2023<\/li>\n\n\n\n<li><em>Nucleus segmentation: towards automated solutions; Hollandi, R., Moshkov, N., Paavolainen L., Tasnadi, E., Piccinini, F., <\/em><strong><u>Horvath, P.<\/u><\/strong><em> <\/em><em>; <\/em><strong>Trends in Cell Biology, <\/strong>(32) 4, 2022<\/li>\n\n\n\n<li><em>Deep Visual Proteomics defines cell identity and heterogeneity ; Mund, A., Coscia, F., Hollandi, R., Kovacs, F., Kriston, A., Brunner, A-D., Bzorek, M., Naimy, S., Gjerdrum, L. M. R., Dyring-Andersen, B., Bulkescher, J., Lukas, C., Gnann, C., Lundberg, E., <\/em><strong><u>Horvath, P.,<\/u><\/strong><em> <\/em><em>Mann, M., <\/em><strong>Nature Biotechnology <\/strong>40, 1231-1240<strong>, <\/strong>2022<\/li>\n\n\n\n<li><em>Regression plane concept for analysing continuous cellular processes with machine learning<\/em>; A Szkalisity, F Piccinini, A Beleon, T Balassa, IG Varga, E Migh, C Molnar, &#8230;, <strong><u>P. Horvath<\/u><\/strong>; <strong><em>Nature communications<\/em><\/strong> 12 (1), 1-9, 2021<\/li>\n\n\n\n<li><em>Chronic lung diseases are associated with gene expression programs favoring SARS-CoV-2 entry and severity; Bui, L. T., Winters, N. I., Chung, M. I., Joseph, C., Gutierrez, A. J., &#8230;, HCA Lung Biological Network (<\/em><strong><u>P. Horvath<\/u><\/strong>) <strong>Nature communications<\/strong>12: 4314, 2021<\/li>\n\n\n\n<li><em>Single-cell meta-analysis of SARS-CoV-2 entry genes across tissues and demographics<\/em>; C Muus, MD Luecken, G Eraslan, L Sikkema, A Waghray, G Heimberg, &#8230; , <strong><u>P. Horvath<\/u><\/strong>, &#8230;; <strong><em>Nature medicine<\/em><\/strong> 27 (3), 546-559 188* 2021<\/li>\n\n\n\n<li><em>Automatic deep learning-driven label-free image-guided patch clamp system<\/em>; K Koos, G Ol\u00e1h, T Balassa, N Mihut, M R\u00f3zsa, A Ozsv\u00e1r, E Tasnadi, &#8230; <strong><u>P. Horvath<\/u><\/strong>; <strong><em>Nature communications<\/em><\/strong> 12 (1), 1-11 2*, 2021<\/li>\n\n\n\n<li><em>The human melanoma proteome atlas\u2014Defining the molecular pathology<\/em>; LH Betancourt, J Gil, Y Kim, V Doma, U \u00c7ak\u0131r, A Sanchez, JR Murillo, &#8230; , <strong><u>P. Horvath<\/u><\/strong>, &#8230;; <strong><em>Clinical and Translational Medicine<\/em><\/strong> 11 (7), 2021<\/li>\n\n\n\n<li><em>Neuropilin-1 is a host factor for SARS-CoV-2 infection<\/em>; JL Daly, B Simonetti, K Klein, KE Chen, MK Williamson, C Ant\u00f3n-Pl\u00e1garo, <strong><u>&#8230;P. Horvath<\/u><\/strong>, \u2026; <strong><em>Science<\/em><\/strong> 370 (6518), 861-865, 2020<\/li>\n\n\n\n<li><em>AnnotatorJ: an ImageJ plugin to ease hand annotation of cellular compartments<\/em>; R Hollandi, \u00c1 Di\u00f3sdi, G Hollandi, N Moshkov, <strong><u>P Horv\u00e1th<\/u><\/strong>; <strong><em>Molecular biology of the cell<\/em><\/strong> 31 (20), 2179-2186, 2020<\/li>\n\n\n\n<li><em>SARS-CoV-2 receptor ACE2 is an interferon-stimulated gene in human airway epithelial cells and is detected in specific cell subsets across tissues<\/em>; CGK Ziegler, SJ Allon, SK Nyquist, IM Mbano, VN Miao, CN Tzouanas, &#8230;<strong><u>P. Horvath<\/u><\/strong>, \u2026; <strong><em>Cell <\/em><\/strong>181 (5), 1016-1035. e19, 2020<\/li>\n<\/ul>\n\n\n\n<ul>\n<li>Software Tools\n<ul>\n<li>Advanced Cell Classifier v1.0 (Horvath et.al.), v2.0 (Balassa et.al.), v3.0 (Szkalisity et.al.)<\/li>\n<\/ul>\n<\/li>\n<\/ul>\n\n\n\n<p><a href=\"http:\/\/www.cellclassifier.org\">www.cellclassifier.org<\/a><\/p>\n\n\n\n<ul>\n<li>CellTracker v0.6 (Kiss et.al.), v1.1 (Piccinini et.al.)<\/li>\n<\/ul>\n\n\n\n<p><a href=\"http:\/\/www.celltracker.website\">www.celltracker.website<\/a><\/p>\n\n\n\n<ul>\n<li>FindMyCells v1.0 (Suleymanova et.al.)<\/li>\n<\/ul>\n\n\n\n<p>&nbsp;<a href=\"http:\/\/www.findmycells.org\">www.findmycells.org<\/a><\/p>\n\n\n\n<ul>\n<li>NucleAIzer (Hollandi et.al.)<\/li>\n<\/ul>\n\n\n\n<p>&nbsp;<a href=\"http:\/\/www.nucleaizer.org\">www.nucleAIzer.org<\/a><\/p>\n\n\n\n<ul>\n<li>Patents<ul><li>PHASECIRCLE \u2013 software deposited to the APP under the number IDDN-FR-001-280029-000-S-C-2007-000-21000, and transferred to the Joint Research Center (JRC) of the European Union.<\/li><\/ul><ul><li>Endocit\u00f3zist kiv\u00e1lt\u00f3 peptidek sejtbe t\u00f6rt\u00e9n\u0151 bejuttat\u00e1shoz; 19483\/19, 2020<\/li><\/ul><ul><li>P2100295 &#8211; MINI-IFA \u2013 Image-based &amp; machine learning-guided multiplexed serology test for SARS-CoV-2<\/li><\/ul><ul><li>BIAS (Biological Image Analysis Software) \u2013 software developed by Single-Cell Technologies Inc. for single cell image analysis.<\/li><\/ul><ul><li>P2200213 &#8211; Lemez\u00f6ssze\u00e1ll\u00edt\u00e1s \u00e9s elj\u00e1r\u00e1s annak alkalmaz\u00e1s\u00e1ra mint\u00e1k gyors, automatikus, nagy behatol\u00e1si m\u00e9lys\u00e9ggel val\u00f3 vizsg\u00e1lat\u00e1ra light-sheet mikroszk\u00f3ppal<\/li><\/ul><ul><li>U2200088 &#8211; Lemez\u00f6ssze\u00e1ll\u00edt\u00e1s mint\u00e1k gyors, automatikus, nagy behatol\u00e1si m\u00e9lys\u00e9ggel val\u00f3 vizsg\u00e1lat\u00e1ra lightsheet mikroszk\u00f3ppal<\/li><\/ul><ul><li>P2300224 &#8211; Elj\u00e1r\u00e1s biol\u00f3giai mint\u00e1kban l\u00e9v\u0151 objektumok automatiz\u00e1lt, sk\u00e1l\u00e1zhat\u00f3, nagy \u00e1tereszt\u0151k\u00e9pess\u00e9g\u0171 detekt\u00e1l\u00e1s\u00e1ra \u00e9s elemz\u00e9s\u00e9re, valamint rendszer annak v\u00e9grehajt\u00e1s\u00e1ra &#8211;<\/li><\/ul><ul><li>P2300149 &#8211; Elj\u00e1r\u00e1sok biol\u00f3giai mint\u00e1k gyors, automatiz\u00e1lt, nagy \u00e1tereszt\u0151k\u00e9pess\u00e9g\u0171 vizsg\u00e1lat\u00e1ra, valamint azok v\u00e9grehajt\u00e1s\u00e1ra szolg\u00e1l\u00f3 rendszer<\/li><\/ul><ul><li>P2300390 &#8211; Microscope device, microscope system and methods<\/li><\/ul><ul><li>SE 22513 &#8211; Method for full body melanoma screening for melanoma detection<\/li><\/ul><ul><li>SE 22513 &#8211; Method for melanoma screening and artificial intelligence scoring<\/li><\/ul>\n<ul>\n<li>SE 22513 &#8211; \u201cHope-AI\u201d method for profiling a cancer on a cellular and molecular level by artificial intelligence and molecular pathology<\/li>\n<\/ul>\n<\/li>\n<\/ul>\n\n\n\n<ul>\n<li>Teaching merits<ul><li>Overall 16 years academic teaching experience.<\/li><\/ul><ul><li>Courses: Programming, Image Processing, Algorithms and data structures, programming languages, introduction to informatics, MatLab, Image analysis for Biologists, Protein and cell dynamics, Microscopy image analysis.<\/li><\/ul>\n<ul>\n<li>Institutions: ETH Zurich, University of Harvard, Max Planck Institute, Trinity College Dublin, University of Helsinki, University of Szeged.<\/li>\n<\/ul>\n<\/li>\n<\/ul>\n\n\n\n<ul>\n<li>Awards and honours<ul><li>Member of Academia Europaea (2024)<\/li><\/ul><ul><li>Szent-Gy\u00f6rgyi Talentum Prize (2019)<\/li><\/ul><ul><li>Bolyai plaquette (2018); Bolyai Fellowship (2014)<\/li><\/ul><ul><li>Various scientific grants by the NRDIO (National Research Development and Innovation Office)<\/li><\/ul><ul><li>Pfizer Research Award (2016, Banerjee etal. Science)<\/li><\/ul><ul><li>Selected and nominated by the HBS for the EBSA (European Biophysical Societies&#8217; Association) Young Investigators\u2019 Medal and Prize (2015)<\/li><\/ul><ul><li>NAP-B brain research grant for research group establishment (4 years, Szeged, BRC)<\/li><\/ul><ul><li>Finland Distinguished Professor award and fellowship for research group establishment (5 years, University of Helsinki, Finland)<\/li><\/ul><ul><li>CEEPUS &#8211; Central European Exchange Program (2002, 6 months, Johannes Kepler University, Linz, Austria)<\/li><\/ul>\n<ul>\n<li>Marie Curie Fellowship (2007, 6 months PhD scholarship, Sophia Antipolis, France)<\/li>\n<\/ul>\n<\/li>\n<\/ul>\n\n\n\n<ul>\n<li>International roles:<ul><li>Chair of the European Cell-based Assays Interest Group (EUCAI)<\/li><\/ul><ul><li>Councilor (Board of Directors Member) for the Society of Biomolecular Imaging and Informatics (SBI2)<\/li><\/ul><ul><li>Organizer and Session chair of numerous conferences, meetings, and workshops<\/li><\/ul>\n<ul>\n<li>Main organizer of the NEUBIAS 2018 Szeged conference<\/li>\n<\/ul>\n<\/li>\n<\/ul>\n\n\n\n<ul>\n<li>Major collaborations:<ul><li>ETH Zurich (Prof Ulrike Kutay, Prof Ari Helenius, Prof Yves Barral, Prof Jean-Pierre Bourquin)<\/li><\/ul><ul><li>INRIA (Prof Josiane Zerubia, Dr Ian Jermyn)<\/li><\/ul><ul><li>Harvard University\/Broad Institute (Prof Anne Carpenter, Prof Matthias Mann)<\/li><\/ul><ul><li>Trinity Dublin (Dr Anthony Davies)<\/li><\/ul><ul><li>FIMM University of Helsinki (Prof Olli Kallioniemi, Prof Johan Lundin, Prof P\u00e4ivi Ojala, Dr Vilja Pieti\u00e4inen, Dr P\u00e4ivi \u00d6stling, Dr Caroline Heckman)<\/li><\/ul><ul><li>BRC (Prof Laszlo Vigh, Dr Csaba Pal, Dr Balazs Papp, Dr Lajos Haracska)<\/li><\/ul><ul><li>University of Szeged (Prof Gabor Tamas, Prof Zoltan Kato)<\/li><\/ul><ul><li>DKFZ (Dr. Sina Oppermann)<\/li><\/ul><ul><li>Lund University (Prof Dr Marko- Varga Gy\u00f6rgy)<\/li><\/ul>\n<ul>\n<li>UCPH Novo Nordisk Foundation Center (Prof. Andreas Mund)<\/li>\n<\/ul>\n<\/li>\n<\/ul>\n\n\n\n<ul>\n<li>COMMISSIONS OF TRUST<\/li>\n<\/ul>\n\n\n\n<p>Scientific journal and conference reviews (frequency article\/year)<\/p>\n\n\n\n<ul>\n<li>Nature Methods (2), Nature Communications (2), eLife (1), BMC Bioinformatics (2), Oxford J. of Bioinformatics (1), Frontiers in BioEngineering (2), J. of Biomolecular Screening (3-4), J. of Microscopy (2), PLoS One (2-3), Pattern Recognition (2), IEEE Transactions in Medical Imaging (1)\n<ul>\n<li>IEEE ICPR (3), KEPAF (3), IEEE ISBI (3)<\/li>\n<\/ul>\n<\/li>\n<\/ul>\n\n\n\n<ul>\n<li>Grant proposal reviews\n<ul>\n<li>Cancer Research UK, Israel Science Foundation, Sciex, Various Hungarian Grants<\/li>\n<\/ul>\n<\/li>\n<\/ul>\n","protected":false},"excerpt":{"rendered":"<p>Curriculum vitaePersonal information First name, Surname: Peter, Horvath Date of birth: 11th October, 1980 Sex: [&hellip;]<\/p>\n","protected":false},"author":1,"featured_media":0,"parent":0,"menu_order":0,"comment_status":"closed","ping_status":"closed","template":"","meta":{"footnotes":""},"_links":{"self":[{"href":"https:\/\/conference2025.etszk.u-szeged.hu\/index.php\/wp-json\/wp\/v2\/pages\/673"}],"collection":[{"href":"https:\/\/conference2025.etszk.u-szeged.hu\/index.php\/wp-json\/wp\/v2\/pages"}],"about":[{"href":"https:\/\/conference2025.etszk.u-szeged.hu\/index.php\/wp-json\/wp\/v2\/types\/page"}],"author":[{"embeddable":true,"href":"https:\/\/conference2025.etszk.u-szeged.hu\/index.php\/wp-json\/wp\/v2\/users\/1"}],"replies":[{"embeddable":true,"href":"https:\/\/conference2025.etszk.u-szeged.hu\/index.php\/wp-json\/wp\/v2\/comments?post=673"}],"version-history":[{"count":1,"href":"https:\/\/conference2025.etszk.u-szeged.hu\/index.php\/wp-json\/wp\/v2\/pages\/673\/revisions"}],"predecessor-version":[{"id":674,"href":"https:\/\/conference2025.etszk.u-szeged.hu\/index.php\/wp-json\/wp\/v2\/pages\/673\/revisions\/674"}],"wp:attachment":[{"href":"https:\/\/conference2025.etszk.u-szeged.hu\/index.php\/wp-json\/wp\/v2\/media?parent=673"}],"curies":[{"name":"wp","href":"https:\/\/api.w.org\/{rel}","templated":true}]}}