{"id":723,"date":"2025-02-18T21:57:47","date_gmt":"2025-02-18T20:57:47","guid":{"rendered":"https:\/\/conference2025.etszk.u-szeged.hu\/?page_id=723"},"modified":"2025-02-24T10:30:18","modified_gmt":"2025-02-24T09:30:18","slug":"eva-mathene-koteles-phd","status":"publish","type":"page","link":"https:\/\/conference2025.etszk.u-szeged.hu\/index.php\/eva-mathene-koteles-phd\/","title":{"rendered":"\u00c9va M\u00e1th\u00e9n\u00e9 K\u00f6teles PhD"},"content":{"rendered":"\n<figure class=\"wp-block-image size-full is-resized\"><img loading=\"lazy\" decoding=\"async\" width=\"480\" height=\"480\" src=\"https:\/\/conference2025.etszk.u-szeged.hu\/wp-content\/uploads\/2025\/02\/Eva-Mathene-Koteles-PhD.jpg\" alt=\"\" class=\"wp-image-871\" style=\"width:250px\" srcset=\"https:\/\/conference2025.etszk.u-szeged.hu\/wp-content\/uploads\/2025\/02\/Eva-Mathene-Koteles-PhD.jpg 480w, https:\/\/conference2025.etszk.u-szeged.hu\/wp-content\/uploads\/2025\/02\/Eva-Mathene-Koteles-PhD-300x300.jpg 300w, https:\/\/conference2025.etszk.u-szeged.hu\/wp-content\/uploads\/2025\/02\/Eva-Mathene-Koteles-PhD-150x150.jpg 150w\" sizes=\"(max-width: 480px) 100vw, 480px\" \/><\/figure>\n\n\n\n<p><strong>Curriculum vitae<\/strong><\/p>\n\n\n\n<figure class=\"wp-block-table\"><table><tbody><tr><td colspan=\"2\"><strong>&nbsp;Personal data<\/strong><strong><\/strong><\/td><\/tr><tr><td>Name<\/td><td><strong>\u00c9va M\u00e1th\u00e9n\u00e9 Dr. K\u00f6teles<\/strong> <strong>&nbsp;<\/strong><\/td><\/tr><tr><td>Year of birth<\/td><td><strong>1978.<\/strong><\/td><\/tr><tr><td>Position<\/td><td><strong>Master instructor, deputy vice head of the Department of Physiotherapy, University of Szeged<\/strong><\/td><\/tr><tr><td colspan=\"2\"><a><strong>Education and qualification<\/strong><\/a><strong><\/strong><\/td><\/tr><tr><td>2024.01.17.<\/td><td>Successfull PhD defence<\/td><\/tr><tr><td>2019-2023.<\/td><td>SZTE-\u00c1OK, Interdisciplinary Medical Sciences Doctoral School, PhD Student<\/td><\/tr><tr><td>2016-2018<\/td><td>Master\u2019s Degree in Physiotherapy, Szeged University, Faculty of Health Sciences and Social Studies<\/td><\/tr><tr><td>1997-2001<\/td><td>Bachelor\u2019s Degree in Physiotherapy, Szeged University, Faculty of Health Sciences and Social Studies<\/td><\/tr><tr><td>1992-1996<\/td><td>Final Examination, De\u00e1k Ferenc English-Hungarian Bilingual Highschool, Szeged<\/td><\/tr><tr><td><strong>Professional courses:<\/strong> 2024.<\/td><td>&nbsp; ECG for physiotherapists, professional course, Association of the Hungarian Cardiologists, online<\/td><\/tr><tr><td>2021.<\/td><td>Ambulatory physiotherapy treatments for the obstructive bronchiolitis and asthma in infants, professional course, &nbsp;Budakeszi, OMINT<\/td><\/tr><tr><td>2020.<\/td><td>Functional Fascia training, professional course, Szeged<\/td><\/tr><tr><td>2018.<\/td><td>Sz\u00edv\u00fcgyeink a sz\u00edv\u00fcgyek?! \u2013 The importance of Physiotherapy in the prevention of cardiovascular diseases, optional course Szeged<\/td><\/tr><tr><td>2017.<\/td><td>Patient administration, patient assessment, obligatory course, Szeged &nbsp; Sleep Hygiene, optional course, Szeged<\/td><\/tr><tr><td>2015.<\/td><td>\u201eF\u0151hajt\u00e1s a nagy el\u0151d\u00f6k el\u0151tt\u201d, 25th Jubilee of the Physiotherapy Education in Szeged, optional course, Szeged<\/td><\/tr><tr><td>2012.<\/td><td>Basic Research Methods course for the physiotherapists working in clinics, Szeged &nbsp; \u201eExaggeration or reality?\u201d Physiological effects of Alternative Therapies, obligatory course, Szeged &nbsp; 8th. Congress and 1st Precongress of the Association of the Hungarian Physiotherapists, P\u00e9cs<\/td><\/tr><tr><td>2011.<\/td><td>Roles of Healtcare Professional in the modern treatment of acute myocardial infarcture, obligatory course, Szeged<\/td><\/tr><tr><td>2009.<\/td><td>Water as a healing agent, course, Szeged K\u00f6zponti Fizioter\u00e1pia &nbsp; Pulmonary Rehabilitation Course, Glenfield Hospital, Leicester, England<\/td><\/tr><tr><td>2008.<\/td><td>The connections between Pulmonology and Primary Care, course, Budapest<\/td><\/tr><tr><td>2007.<\/td><td>Physiotherapeutical treatment options in Oncologic Diseases, course, Szeged<\/td><\/tr><tr><td>2006.<\/td><td>Environmental hazards that are dangerous for your health in a hospital setting, course, Deszk<\/td><\/tr><tr><td>2003.<\/td><td>McKenzie B Course, Budapest Terrier II. Course, Budapest Risk factors and Treatment of Cardiovascular Diseases, AED training course, Budapest<\/td><\/tr><tr><td>2002.<\/td><td>McKenzie A Course, Budapest Terrier I. Course, Budapest<\/td><\/tr><tr><td>2000.<\/td><td>Basic Sign-language Course, Szeged<\/td><\/tr><\/tbody><\/table><\/figure>\n\n\n\n<figure class=\"wp-block-table\"><table><tbody><tr><td colspan=\"2\"><strong>Workplace<\/strong><\/td><\/tr><tr><td>2017- &nbsp; &nbsp;<\/td><td>Szeged University, Faculty of Health Sciences and Social Studies, Physiotherapy Department, Master instructor, deputy head of the Department of Physiotherapy &nbsp;<\/td><\/tr><tr><td>2009-2017 &nbsp; &nbsp;<\/td><td>Csongr\u00e1d County, Hospital of Thoracic Diseases, Deszk, Head Physiotherapist (Respiratory, Cardiac inpatient) &nbsp;<\/td><\/tr><tr><td>2008-2009 &nbsp; &nbsp;<\/td><td>Solent NHS Trust, Community COPD Team, Southampton, England, Band 6 Physiotherapist (Respiratory outpatient) &nbsp;<\/td><\/tr><tr><td>2003-2008 &nbsp; &nbsp;<\/td><td>Csongr\u00e1d County, Hospital of Thoracic Diseases, Deszk Physiotherapist (Respiratory, Cardiac inpatient) &nbsp;<\/td><\/tr><tr><td>2001-2003 &nbsp;<\/td><td>II. District\u2019s Healtcare Services, Pulzus Health Centre, Budapest, Physiotherapist (Muskuloskeletal outpatient<\/td><\/tr><\/tbody><\/table><\/figure>\n\n\n\n<figure class=\"wp-block-table\"><table><tbody><tr><td colspan=\"2\"><strong>Scientific specialization<\/strong><strong><\/strong><\/td><\/tr><tr><td>&nbsp;<\/td><td>Respiratory and Cardiac Physiotherapy, Pulmonary and Cardiac rehabilitation, Metabolic-syndrome, Telerehabilitation<\/td><\/tr><\/tbody><\/table><\/figure>\n\n\n\n<figure class=\"wp-block-table\"><table><tbody><tr><td colspan=\"2\"><strong>Languages spoken<\/strong><strong><\/strong><\/td><\/tr><tr><td>&nbsp;<\/td><td>Hungarian, English, German<\/td><\/tr><\/tbody><\/table><\/figure>\n\n\n\n<figure class=\"wp-block-table\"><table><tbody><tr><td colspan=\"2\"><strong>Taught courses <\/strong><strong><\/strong><\/td><\/tr><tr><td>&nbsp;<\/td><td>Assessment of the Human Movement 2., 3, Respiratory and Cardiac Physiotherapy practice, Training Methods practice, Rehabilitation lecture, Basic Knowledge of Kinetics Practice, Geriatrics and Gerontology in Physiotherapy lecture<\/td><\/tr><\/tbody><\/table><\/figure>\n\n\n\n<figure class=\"wp-block-table\"><table><tbody><tr><td colspan=\"2\"><strong>Other teaching and practical activities<\/strong><strong><\/strong><\/td><\/tr><tr><td>2004-2012.<\/td><td>Clinical practical instructor of cardio-respiratory physiotherapy and rehabilitation, Deszk<\/td><\/tr><\/tbody><\/table><\/figure>\n\n\n\n<figure class=\"wp-block-table\"><table><tbody><tr><td colspan=\"2\"><strong>Experiences in teaching, conferences abroad<\/strong><\/td><\/tr><tr><td>2023.<\/td><td>Portugal, Porto, Universidade do Porto, Faculty of Sport Sciences, Erasmus teaching mobility<\/td><\/tr><tr><td>2022.<\/td><td>France, Paris, Paris-Saclay University, Faculty of Sport Sciences, Erasmus teaching mobility<\/td><\/tr><tr><td>2018.<\/td><td>Finnland, Savonlinna, XAMK University, Erasmus teaching mobility<\/td><\/tr><\/tbody><\/table><\/figure>\n\n\n\n<figure class=\"wp-block-table\"><table><tbody><tr><td colspan=\"2\"><strong>Tendering operation<\/strong><strong><\/strong><\/td><\/tr><tr><td>2021-2022.<\/td><td>GINOP-2.2.1-15-2017-00073, Telemedicine Project, researcher<\/td><\/tr><tr><td>2017-2021.<\/td><td>EFOP 3.6.1-16-2016-00008, Training monitoring for Metabolic syndrome patients, researcher<\/td><\/tr><tr><td>2019.<\/td><td>EFOP 3.6.1-16-2016-00008, Developing telemedical syste, for Metabolic patients, technician<\/td><\/tr><tr><td>2017-2018.<\/td><td>EFOP-3.4.3-16-2016-00014, AP6, Developing of teching material, making video lessons.<\/td><\/tr><\/tbody><\/table><\/figure>\n\n\n\n<figure class=\"wp-block-table\"><table><tbody><tr><td colspan=\"2\"><strong>Membership in Organizations<\/strong><strong><\/strong><\/td><\/tr><tr><td>2023-<\/td><td>Board member of the Hungarian Society of Cardiologists\u2019 Physiotherapy Working Group<\/td><\/tr><tr><td>2022-<\/td><td>Member of the Hungarian Society of Cardiologists (MKT)<\/td><\/tr><tr><td>2005-<\/td><td>Chamber of the Hungarian Health Service Workers (MESZK), member<\/td><\/tr><\/tbody><\/table><\/figure>\n\n\n\n<figure class=\"wp-block-table\"><table><tbody><tr><td colspan=\"2\"><strong>Awards <\/strong><strong><\/strong><\/td><\/tr><tr><td>&nbsp;<\/td><td>&nbsp;<\/td><\/tr><\/tbody><\/table><\/figure>\n","protected":false},"excerpt":{"rendered":"<p>Curriculum vitae &nbsp;Personal data Name \u00c9va M\u00e1th\u00e9n\u00e9 Dr. K\u00f6teles &nbsp; Year of birth 1978. Position [&hellip;]<\/p>\n","protected":false},"author":1,"featured_media":0,"parent":0,"menu_order":0,"comment_status":"closed","ping_status":"closed","template":"","meta":{"footnotes":""},"_links":{"self":[{"href":"https:\/\/conference2025.etszk.u-szeged.hu\/index.php\/wp-json\/wp\/v2\/pages\/723"}],"collection":[{"href":"https:\/\/conference2025.etszk.u-szeged.hu\/index.php\/wp-json\/wp\/v2\/pages"}],"about":[{"href":"https:\/\/conference2025.etszk.u-szeged.hu\/index.php\/wp-json\/wp\/v2\/types\/page"}],"author":[{"embeddable":true,"href":"https:\/\/conference2025.etszk.u-szeged.hu\/index.php\/wp-json\/wp\/v2\/users\/1"}],"replies":[{"embeddable":true,"href":"https:\/\/conference2025.etszk.u-szeged.hu\/index.php\/wp-json\/wp\/v2\/comments?post=723"}],"version-history":[{"count":2,"href":"https:\/\/conference2025.etszk.u-szeged.hu\/index.php\/wp-json\/wp\/v2\/pages\/723\/revisions"}],"predecessor-version":[{"id":873,"href":"https:\/\/conference2025.etszk.u-szeged.hu\/index.php\/wp-json\/wp\/v2\/pages\/723\/revisions\/873"}],"wp:attachment":[{"href":"https:\/\/conference2025.etszk.u-szeged.hu\/index.php\/wp-json\/wp\/v2\/media?parent=723"}],"curies":[{"name":"wp","href":"https:\/\/api.w.org\/{rel}","templated":true}]}}