{"id":773,"date":"2025-02-19T15:03:21","date_gmt":"2025-02-19T14:03:21","guid":{"rendered":"https:\/\/conference2025.etszk.u-szeged.hu\/?page_id=773"},"modified":"2025-03-04T09:33:14","modified_gmt":"2025-03-04T08:33:14","slug":"kadirhan-ozdemir-phd","status":"publish","type":"page","link":"https:\/\/conference2025.etszk.u-szeged.hu\/index.php\/kadirhan-ozdemir-phd\/","title":{"rendered":"Kadirhan \u00d6zdemir PhD"},"content":{"rendered":"\n<figure class=\"wp-block-image size-full is-resized\"><img loading=\"lazy\" decoding=\"async\" width=\"480\" height=\"480\" src=\"https:\/\/conference2025.etszk.u-szeged.hu\/wp-content\/uploads\/2025\/03\/Kadirhan_Ozdemir.jpg\" alt=\"\" class=\"wp-image-917\" style=\"width:250px\" srcset=\"https:\/\/conference2025.etszk.u-szeged.hu\/wp-content\/uploads\/2025\/03\/Kadirhan_Ozdemir.jpg 480w, https:\/\/conference2025.etszk.u-szeged.hu\/wp-content\/uploads\/2025\/03\/Kadirhan_Ozdemir-300x300.jpg 300w, https:\/\/conference2025.etszk.u-szeged.hu\/wp-content\/uploads\/2025\/03\/Kadirhan_Ozdemir-150x150.jpg 150w\" sizes=\"(max-width: 480px) 100vw, 480px\" \/><\/figure>\n\n\n\n<p>Assoc. Prof. Dr. Kadirhan OZDEMIR<br>Contact Information:<\/p>\n\n\n\n<ul>\n<li>Email: kadirhan.ozdemir@bakircay.edu.tr<\/li>\n\n\n\n<li>Phone (Work): +90 232 493 00 00\/11312<\/li>\n\n\n\n<li>Phone (Mobile): +90 506 943 90 59<\/li>\n\n\n\n<li>Address: \u0130zmir Bak\u0131r\u00e7ay University, Faculty of Health Sciences, Department of Physiotherapy and Rehabilitation, Gazi Mustafa Kemal Mah., Kaynaklar Cd., 35665 Menemen\/\u0130zmir<\/li>\n<\/ul>\n\n\n\n<p><strong>Short Bio<\/strong><\/p>\n\n\n\n<p>Kadirhan Ozdemir is working as an associate professor at Izmir Bakircay University, Faculty of Health Sciences, Department of Physiotherapy and Rehabilitation. He received \u201cMSc&#8221; and &#8222;PhD&#8221; degrees at Gazi University, Health Sciences Institute, Department of Physiotherapy and Rehabilitation. He has been working for over 13 years as a physiotherapist and an academician. His research areas are Geriatric Physiotherapy and Rehabilitation, Cancer Rehabilitation, Lymphedema and Chronic Venous Insufficiency Management. He continues his second doctorate at Ege University Health Sciences Institute, Department of Internal Medicine, Health Care of the Elderly Program.<\/p>\n\n\n\n<p><a href=\"https:\/\/conference2025.etszk.u-szeged.hu\/wp-content\/uploads\/2025\/02\/Kadirhan-OZDEMIR-Resume.pdf\">Kadirhan-OZDEMIR-Resume.pdf<\/a><\/p>\n","protected":false},"excerpt":{"rendered":"<p>Assoc. Prof. Dr. Kadirhan OZDEMIRContact Information: Short Bio Kadirhan Ozdemir is working as an associate [&hellip;]<\/p>\n","protected":false},"author":1,"featured_media":0,"parent":0,"menu_order":0,"comment_status":"closed","ping_status":"closed","template":"","meta":{"footnotes":""},"_links":{"self":[{"href":"https:\/\/conference2025.etszk.u-szeged.hu\/index.php\/wp-json\/wp\/v2\/pages\/773"}],"collection":[{"href":"https:\/\/conference2025.etszk.u-szeged.hu\/index.php\/wp-json\/wp\/v2\/pages"}],"about":[{"href":"https:\/\/conference2025.etszk.u-szeged.hu\/index.php\/wp-json\/wp\/v2\/types\/page"}],"author":[{"embeddable":true,"href":"https:\/\/conference2025.etszk.u-szeged.hu\/index.php\/wp-json\/wp\/v2\/users\/1"}],"replies":[{"embeddable":true,"href":"https:\/\/conference2025.etszk.u-szeged.hu\/index.php\/wp-json\/wp\/v2\/comments?post=773"}],"version-history":[{"count":5,"href":"https:\/\/conference2025.etszk.u-szeged.hu\/index.php\/wp-json\/wp\/v2\/pages\/773\/revisions"}],"predecessor-version":[{"id":919,"href":"https:\/\/conference2025.etszk.u-szeged.hu\/index.php\/wp-json\/wp\/v2\/pages\/773\/revisions\/919"}],"wp:attachment":[{"href":"https:\/\/conference2025.etszk.u-szeged.hu\/index.php\/wp-json\/wp\/v2\/media?parent=773"}],"curies":[{"name":"wp","href":"https:\/\/api.w.org\/{rel}","templated":true}]}}