{"id":801,"date":"2025-02-19T16:03:37","date_gmt":"2025-02-19T15:03:37","guid":{"rendered":"https:\/\/conference2025.etszk.u-szeged.hu\/?page_id=801"},"modified":"2025-02-19T16:03:37","modified_gmt":"2025-02-19T15:03:37","slug":"andrea-masa-phd","status":"publish","type":"page","link":"https:\/\/conference2025.etszk.u-szeged.hu\/index.php\/andrea-masa-phd\/","title":{"rendered":"Andrea Masa PhD"},"content":{"rendered":"\n<figure class=\"wp-block-image size-full\"><img loading=\"lazy\" decoding=\"async\" width=\"183\" height=\"203\" src=\"https:\/\/conference2025.etszk.u-szeged.hu\/wp-content\/uploads\/2025\/02\/AndreaMasa.png\" alt=\"\" class=\"wp-image-802\"\/><\/figure>\n\n\n\n<p><strong>Personal data:<\/strong><br>Name: Andrea Masa<br>Place of birth: Szeged<br>Date of birth: 24.09.1979<br>Nationality: Hungarian<br>Address: 6782 M\u00f3rahalom, Juh\u00e1sz Gyula str. 1\/a<br>Phone: (+36) 30 2577440<br>E-mail: masa.andrea@szte.hu<\/p>\n\n\n\n<p><strong>Studies:<\/strong><br>2018 &#8211; 2020 University of P\u00e9cs, Faculty of Health Sciences, Faculty of Public Health, Faculty of Epidemiology (MsC)<br>2006 &#8211; 2009 E\u00f6tv\u00f6s Lor\u00e1nd University Faculty of Social Sciences Sociology Correspondence Course &#8211; Sociology (BA)<br>2002 &#8211; 2005 Semmelweis University Faculty of Physical Education and Sports Sciences, Faculty of Health Sciences &#8211; Health Teacher (MA)<br>1998 &#8211; 2002 University of Szeged, Faculty of Health Sciences, Faculty of Health Visitor \u2013 Health Visitor (Bachelor&#8217;s Degree)<\/p>\n\n\n\n<p><br><strong>Workplace:<\/strong><\/p>\n\n\n\n<ul>\n<li>01 October 2018 &#8211; Master Lecturer University of Szeged Faculty of Health Sciences and Social Studies<\/li>\n\n\n\n<li>01 November 2023 &#8211; school health visitor \u2013 The Albert Szent-Gy\u00f6rgyi Medical and Pharmaceutical Centre of the University of Szeged<\/li>\n\n\n\n<li>July 2002 &#8211; October 2023 health visitor M\u00f3rahalom Health Visitor Service, then M\u00f3ra Vit\u00e1l Ltd.<br><br><strong>Part time workplaces:<\/strong><br>January 2020 &#8211; June 2020: performing the tasks of a health visitor in the tender &#8222;Three generations for health &#8211; Health is not a gift, it is a responsibility&#8221;, No 145<br>February 2019 &#8211; December 2019: provision of care services in the project &#8222;A-Praxis Community (M\u00f3rahalom &#8211; Z\u00e1k\u00e1nysz\u00e9k &#8211; Ruzsa)&#8221; EFOP &#8211; 1.8.2 &#8211; 17 &#8211; 2017 &#8211; 00002<br>September 2013 &#8211; September 2018: lecturer at the Faculty of Health Sciences and Social Training, University of Szeged, Faculty of Nursing<br>February &#8211; September 2015: pilot expert (Health Promotion) T\u00c1MOP 625B<br>2013 Attitude and time balance study methodological development, data collection analysis T\u00c1MOP 614<br>Responsibilities: processing, analysis and evaluation of questionnaires<br>2013 &#8211; 2015: pilot of unstaffed health visitor status T\u00c1MOP 614<br>Scope of work: preparation of a situation analysis with data analysis, interviews; compilation of professional training, training; mentoring of practitioners; preparation of a final report<br>September &#8211; November 2011: Reviewer in the census conducted by the Central Statistical Office<br>June 2010: interviewer in the agricultural census conducted by the Central Statistical Office<br><br><strong>Computer skills:<\/strong><br>Word, Excel, PowerPoint, SPSS<br><br><strong>Individual skills and competences:<\/strong><\/li>\n\n\n\n<li>The European Language Certificates (TELC) in English (intermediate level, type C) 2003<\/li>\n\n\n\n<li>Driving licence: category B licence<\/li>\n<\/ul>\n","protected":false},"excerpt":{"rendered":"<p>Personal data:Name: Andrea MasaPlace of birth: SzegedDate of birth: 24.09.1979Nationality: HungarianAddress: 6782 M\u00f3rahalom, Juh\u00e1sz Gyula [&hellip;]<\/p>\n","protected":false},"author":1,"featured_media":0,"parent":0,"menu_order":0,"comment_status":"closed","ping_status":"closed","template":"","meta":{"footnotes":""},"_links":{"self":[{"href":"https:\/\/conference2025.etszk.u-szeged.hu\/index.php\/wp-json\/wp\/v2\/pages\/801"}],"collection":[{"href":"https:\/\/conference2025.etszk.u-szeged.hu\/index.php\/wp-json\/wp\/v2\/pages"}],"about":[{"href":"https:\/\/conference2025.etszk.u-szeged.hu\/index.php\/wp-json\/wp\/v2\/types\/page"}],"author":[{"embeddable":true,"href":"https:\/\/conference2025.etszk.u-szeged.hu\/index.php\/wp-json\/wp\/v2\/users\/1"}],"replies":[{"embeddable":true,"href":"https:\/\/conference2025.etszk.u-szeged.hu\/index.php\/wp-json\/wp\/v2\/comments?post=801"}],"version-history":[{"count":1,"href":"https:\/\/conference2025.etszk.u-szeged.hu\/index.php\/wp-json\/wp\/v2\/pages\/801\/revisions"}],"predecessor-version":[{"id":803,"href":"https:\/\/conference2025.etszk.u-szeged.hu\/index.php\/wp-json\/wp\/v2\/pages\/801\/revisions\/803"}],"wp:attachment":[{"href":"https:\/\/conference2025.etszk.u-szeged.hu\/index.php\/wp-json\/wp\/v2\/media?parent=801"}],"curies":[{"name":"wp","href":"https:\/\/api.w.org\/{rel}","templated":true}]}}