{"id":846,"date":"2025-02-24T07:56:16","date_gmt":"2025-02-24T06:56:16","guid":{"rendered":"https:\/\/conference2025.etszk.u-szeged.hu\/?page_id=846"},"modified":"2025-05-09T05:34:05","modified_gmt":"2025-05-09T03:34:05","slug":"poszter-szekcio","status":"publish","type":"page","link":"https:\/\/conference2025.etszk.u-szeged.hu\/index.php\/poszter-szekcio\/","title":{"rendered":"Poszter szekci\u00f3"},"content":{"rendered":"\n<p class=\"has-lite-red-color has-text-color has-link-color wp-elements-213f7d1409fc9806fe7cd5a3be54cb69\"><strong>A szekci\u00f3 betelt, m\u00e1r nem fogad felt\u00f6lt\u00e9seket!<\/strong><\/p>\n\n\n\n<p><\/p>\n\n\n\n<p>A Szegedi Tudom\u00e1nyegyetem Eg\u00e9szs\u00e9gtudom\u00e1nyi \u00e9s Szoci\u00e1lis K\u00e9pz\u00e9si Kar\u00e1nak szervez\u00e9s\u00e9ben 2025. m\u00e1jus 29-31. k\u00f6z\u00f6tt els\u0151 alkalommal ker\u00fcl megrendez\u00e9sre a Nemzetk\u00f6zi Eg\u00e9szs\u00e9gtudom\u00e1nyi Konferencia.<\/p>\n\n\n\n<p class=\"justyfi\">A hagyom\u00e1nyteremt\u0151 sz\u00e1nd\u00e9kkal megszervez\u00e9sre ker\u00fcl\u0151 tudom\u00e1nyos f\u00f3rum az orvosi- \u00e9s eg\u00e9szs\u00e9gtudom\u00e1nyi kutat\u00e1sok \u00e9s fejleszt\u00e9sek bemutat\u00e1s\u00e1ra \u00f6sszpontos\u00edt. A nemzetk\u00f6zi tal\u00e1lkoz\u00f3 lehet\u0151s\u00e9get \u00e9s kiv\u00e1l\u00f3 sz\u00ednteret ny\u00fajt az eg\u00e9szs\u00e9gtudom\u00e1nyi oktat\u00e1s progresszi\u00f3j\u00e1nak jav\u00edt\u00e1s\u00e1ra, illetve el\u0151mozd\u00edt\u00e1s\u00e1ra, valamint a k\u00fcl\u00f6nb\u00f6z\u0151 tudom\u00e1ny\u00e1gak \u00e9s kutat\u00e1si ter\u00fcletek k\u00f6z\u00f6tti egy\u00fcttm\u0171k\u00f6d\u00e9sre, egy\u00fctt-gondolkod\u00e1sra.<\/p>\n\n\n\n<p>A rendezv\u00e9ny gazdag, sz\u00ednvonalas \u00e9s v\u00e1ltozatos programot k\u00edn\u00e1l az eg\u00e9szs\u00e9g\u00fcgy \u00e9s orvostudom\u00e1ny leg\u00fajabb eredm\u00e9nyei ir\u00e1nt \u00e9rdekl\u0151d\u0151 szakemberek \u00e9s hallgat\u00f3ink sz\u00e1m\u00e1ra egyar\u00e1nt. Ennek \u00e9rdek\u00e9ben az orvos- \u00e9s eg\u00e9szs\u00e9gtudom\u00e1ny jeles, kiemelked\u0151 hazai \u00e9s nemzetk\u00f6zi m\u0171vel\u0151it k\u00e9rj\u00fck fel a tudom\u00e1nyos el\u0151ad\u00e1sok, szimp\u00f3ziumok megtart\u00e1s\u00e1ra.<\/p>\n\n\n\n<p><strong>A tervezett kiemelt \u00e9s plen\u00e1ris el\u0151ad\u00e1sok mellett&nbsp; konferenci\u00e1n bel\u00fcl kiemelt helyett kap az angol nyelv\u0171 poszter szekci\u00f3, amely a hazai fiatal kutat\u00f3k, doktoranduszok \u00e9s egyetemi hallgat\u00f3k munk\u00e1j\u00e1nak prezent\u00e1l\u00e1s\u00e1ra ny\u00fajt kiv\u00e1l\u00f3 lehet\u0151s\u00e9get, el\u0151seg\u00edtve az \u00faj gener\u00e1ci\u00f3 tudom\u00e1nyos k\u00f6z\u00f6ss\u00e9gbe val\u00f3 integr\u00e1l\u00f3d\u00e1s\u00e1t. A Konferencia Tudom\u00e1nyos Bizotts\u00e1g\u00e1nak \u00e9rt\u00e9kel\u00e9se alapj\u00e1n a kimagasl\u00f3 sz\u00ednvonal\u00fa prezent\u00e1ci\u00f3k \u00e9rt\u00e9kes jutalomban r\u00e9szes\u00fclnek.<\/strong><\/p>\n\n\n\n<p><strong>A poszterprezent\u00e1ci\u00f3ra beny\u00fajtott absztraktok formai k\u00f6vetelm\u00e9nyei:<\/strong><\/p>\n\n\n\n<ul>\n<li>az elk\u00fcl\u00f6n\u00edtett bekezd\u00e9seket csak \u201eenter\u201d seg\u00edts\u00e9g\u00e9vel v\u00e1lassz\u00e1k el, a sorok ne kezd\u0151djenek beh\u00fazva<\/li>\n\n\n\n<li>az \u00f6sszefoglal\u00f3 maxim\u00e1lis hossza 250 sz\u00f3<\/li>\n\n\n\n<li>az \u00f6sszefoglal\u00f3 c\u00edme (t\u00f6m\u00f6r, r\u00f6vid\u00edt\u00e9sek n\u00e9lk\u00fcl maximum 250 karakter terjedelmben)<\/li>\n\n\n\n<li>a szerz\u0151(k) teljes neve, tudom\u00e1nyos fokozat, poz\u00edci\u00f3, munkahely<\/li>\n\n\n\n<li>az \u00f6sszefoglal\u00f3 saj\u00e1t kutat\u00e1son alapul\u00f3 eredeti publik\u00e1ci\u00f3 legyen, az \u00f6sszefoglal\u00f3nak az al\u00e1bbi fel\u00e9p\u00edt\u00e9st kell k\u00f6vetnie: Bevezet\u00e9s, C\u00e9lkit\u0171z\u00e9s, Betegek \u00e9s m\u00f3dszerek, Eredm\u00e9nyek, K\u00f6vetkeztet\u00e9sek<\/li>\n\n\n\n<li>a megadott kulcsszavak (maxim\u00e1lisan 3-5) lehetnek a MeSH (Medical Subject Headings) \u00e1ltal megadott kulcsszavak, amelyek megtal\u00e1lhat\u00f3k a http:\/\/www.nlm.nih.gov\/mesh\/ weboldalon.<\/li>\n<\/ul>\n\n\n\n<p><strong>Az absztraktok beny\u00fajt\u00e1s\u00e1nak hat\u00e1rideje:  <s>2025.05.15.<\/s><\/strong><\/p>\n\n\n\n<p><s>Az absztraktokat ide kell felt\u00f6lteni: https:\/\/www.convention.hu\/Rendezveny\/Absztrakt\/NEK25<\/s><\/p>\n\n\n\n<p>A poszterek elk\u00e9sz\u00edt\u00e9s\u00e9hez sok sikert k\u00edv\u00e1n az I. Szegedi Nemzetk\u00f6zi Eg\u00e9szs\u00e9gtudom\u00e1nyi Konferencia Tudom\u00e1nyos Szervez\u0151bizotts\u00e1ga<\/p>\n","protected":false},"excerpt":{"rendered":"<p>A szekci\u00f3 betelt, m\u00e1r nem fogad felt\u00f6lt\u00e9seket! A Szegedi Tudom\u00e1nyegyetem Eg\u00e9szs\u00e9gtudom\u00e1nyi \u00e9s Szoci\u00e1lis K\u00e9pz\u00e9si Kar\u00e1nak [&hellip;]<\/p>\n","protected":false},"author":1,"featured_media":0,"parent":0,"menu_order":0,"comment_status":"closed","ping_status":"closed","template":"","meta":{"footnotes":""},"_links":{"self":[{"href":"https:\/\/conference2025.etszk.u-szeged.hu\/index.php\/wp-json\/wp\/v2\/pages\/846"}],"collection":[{"href":"https:\/\/conference2025.etszk.u-szeged.hu\/index.php\/wp-json\/wp\/v2\/pages"}],"about":[{"href":"https:\/\/conference2025.etszk.u-szeged.hu\/index.php\/wp-json\/wp\/v2\/types\/page"}],"author":[{"embeddable":true,"href":"https:\/\/conference2025.etszk.u-szeged.hu\/index.php\/wp-json\/wp\/v2\/users\/1"}],"replies":[{"embeddable":true,"href":"https:\/\/conference2025.etszk.u-szeged.hu\/index.php\/wp-json\/wp\/v2\/comments?post=846"}],"version-history":[{"count":9,"href":"https:\/\/conference2025.etszk.u-szeged.hu\/index.php\/wp-json\/wp\/v2\/pages\/846\/revisions"}],"predecessor-version":[{"id":1228,"href":"https:\/\/conference2025.etszk.u-szeged.hu\/index.php\/wp-json\/wp\/v2\/pages\/846\/revisions\/1228"}],"wp:attachment":[{"href":"https:\/\/conference2025.etszk.u-szeged.hu\/index.php\/wp-json\/wp\/v2\/media?parent=846"}],"curies":[{"name":"wp","href":"https:\/\/api.w.org\/{rel}","templated":true}]}}