{"id":876,"date":"2025-02-24T10:35:41","date_gmt":"2025-02-24T09:35:41","guid":{"rendered":"https:\/\/conference2025.etszk.u-szeged.hu\/?page_id=876"},"modified":"2025-02-24T10:35:41","modified_gmt":"2025-02-24T09:35:41","slug":"renata-javorne-erdei-phd","status":"publish","type":"page","link":"https:\/\/conference2025.etszk.u-szeged.hu\/index.php\/renata-javorne-erdei-phd\/","title":{"rendered":"Ren\u00e1ta J\u00e1vorn\u00e9 Erdei PhD"},"content":{"rendered":"\n<figure class=\"wp-block-image size-full is-resized\"><img loading=\"lazy\" decoding=\"async\" width=\"480\" height=\"480\" src=\"https:\/\/conference2025.etszk.u-szeged.hu\/wp-content\/uploads\/2025\/02\/Renata-Javorne-Erdei-PhD.jpg\" alt=\"\" class=\"wp-image-874\" style=\"width:250px\" srcset=\"https:\/\/conference2025.etszk.u-szeged.hu\/wp-content\/uploads\/2025\/02\/Renata-Javorne-Erdei-PhD.jpg 480w, https:\/\/conference2025.etszk.u-szeged.hu\/wp-content\/uploads\/2025\/02\/Renata-Javorne-Erdei-PhD-300x300.jpg 300w, https:\/\/conference2025.etszk.u-szeged.hu\/wp-content\/uploads\/2025\/02\/Renata-Javorne-Erdei-PhD-150x150.jpg 150w\" sizes=\"(max-width: 480px) 100vw, 480px\" \/><\/figure>\n\n\n\n<p>Ren\u00e1ta J\u00e1vorn\u00e9 Dr. Erdei PhD, Associate Professor, Deputy Dean of Education &#8211; I have been working in higher education for 25 years at the Faculty of Health Sciences of the University of Debrecen, currently I am the head of the Department of Health Methodology and Prevention. I obtained my scientific degree at the Doctoral School of Health Sciences, Faculty of Health Sciences, University of P\u00e9cs in 2017. My main research interests are the perceived health status and health behaviour of the population, health inequalities.<\/p>\n","protected":false},"excerpt":{"rendered":"<p>Ren\u00e1ta J\u00e1vorn\u00e9 Dr. Erdei PhD, Associate Professor, Deputy Dean of Education &#8211; I have been [&hellip;]<\/p>\n","protected":false},"author":1,"featured_media":0,"parent":0,"menu_order":0,"comment_status":"closed","ping_status":"closed","template":"","meta":{"footnotes":""},"_links":{"self":[{"href":"https:\/\/conference2025.etszk.u-szeged.hu\/index.php\/wp-json\/wp\/v2\/pages\/876"}],"collection":[{"href":"https:\/\/conference2025.etszk.u-szeged.hu\/index.php\/wp-json\/wp\/v2\/pages"}],"about":[{"href":"https:\/\/conference2025.etszk.u-szeged.hu\/index.php\/wp-json\/wp\/v2\/types\/page"}],"author":[{"embeddable":true,"href":"https:\/\/conference2025.etszk.u-szeged.hu\/index.php\/wp-json\/wp\/v2\/users\/1"}],"replies":[{"embeddable":true,"href":"https:\/\/conference2025.etszk.u-szeged.hu\/index.php\/wp-json\/wp\/v2\/comments?post=876"}],"version-history":[{"count":1,"href":"https:\/\/conference2025.etszk.u-szeged.hu\/index.php\/wp-json\/wp\/v2\/pages\/876\/revisions"}],"predecessor-version":[{"id":877,"href":"https:\/\/conference2025.etszk.u-szeged.hu\/index.php\/wp-json\/wp\/v2\/pages\/876\/revisions\/877"}],"wp:attachment":[{"href":"https:\/\/conference2025.etszk.u-szeged.hu\/index.php\/wp-json\/wp\/v2\/media?parent=876"}],"curies":[{"name":"wp","href":"https:\/\/api.w.org\/{rel}","templated":true}]}}