{"id":977,"date":"2025-03-06T16:04:10","date_gmt":"2025-03-06T15:04:10","guid":{"rendered":"https:\/\/conference2025.etszk.u-szeged.hu\/?page_id=977"},"modified":"2025-03-06T16:09:33","modified_gmt":"2025-03-06T15:09:33","slug":"andrea-lukacs-phd","status":"publish","type":"page","link":"https:\/\/conference2025.etszk.u-szeged.hu\/index.php\/andrea-lukacs-phd\/","title":{"rendered":"Andrea Luk\u00e1cs PhD"},"content":{"rendered":"\n<figure class=\"wp-block-image size-full is-resized\"><img loading=\"lazy\" decoding=\"async\" width=\"480\" height=\"480\" src=\"https:\/\/conference2025.etszk.u-szeged.hu\/wp-content\/uploads\/2025\/02\/AndreaLukacs.jpg\" alt=\"\" class=\"wp-image-886\" style=\"width:250px\" srcset=\"https:\/\/conference2025.etszk.u-szeged.hu\/wp-content\/uploads\/2025\/02\/AndreaLukacs.jpg 480w, https:\/\/conference2025.etszk.u-szeged.hu\/wp-content\/uploads\/2025\/02\/AndreaLukacs-300x300.jpg 300w, https:\/\/conference2025.etszk.u-szeged.hu\/wp-content\/uploads\/2025\/02\/AndreaLukacs-150x150.jpg 150w\" sizes=\"(max-width: 480px) 100vw, 480px\" \/><\/figure>\n\n\n\n<p class=\"justify-text\"><strong>Luk\u00e1cs Andrea, PhD, habil<\/strong> a Miskolci Egyetem Eg\u00e9szs\u00e9gtudom\u00e1nyi Kar\u00e1nak docense. Az Elm\u00e9leti Eg\u00e9szs\u00e9gtudom\u00e1nyi Int\u00e9zet vezet\u0151je, a Kar kutat\u00e1si \u00e9s nemzetk\u00f6zi \u00fcgyek\u00e9rt felel\u0151s d\u00e9k\u00e1nhelyettese. A Kar Tudom\u00e1nyos Di\u00e1kk\u00f6ri Tan\u00e1cs\u00e1nak eln\u00f6kek\u00e9nt a Tudom\u00e1nyos Di\u00e1kk\u00f6ri Konferenci\u00e1kat \u00e9s Tudom\u00e1nyos Di\u00e1kversenyeket szervezi. F\u0151szerkeszt\u0151k\u00e9nt vezeti a Kar Eg\u00e9szs\u00e9gtudom\u00e1nyi Foly\u00f3irat\u00e1nak kiad\u00e1s\u00e1t. Tagja a <em>Health Problems of Civilization \u00e9s az Health Promotion &amp; Physical Activity<\/em> foly\u00f3iratok szerkeszt\u0151bizotts\u00e1g\u00e1nak, valamint a Frontiers in Clinical Diabetes and Healthcare foly\u00f3irat rendszeres lektora. Tagja a Magyar Diabetes T\u00e1rsas\u00e1gnak \u00e9s a Diabetes Pszichoszoci\u00e1lis Aspektusai (PSAD) munkacsoportnak. Sz\u00e1mos hazai \u00e9s nemzetk\u00f6zi konferenci\u00e1n tartott el\u0151ad\u00e1st, sz\u00e1mos cikket publik\u00e1lt, \u00e9s sz\u00e1mos cikket \u00edrt <strong>elismert foly\u00f3iratokban<\/strong>, jelent\u0151s m\u00e9rt\u00e9kben hozz\u00e1j\u00e1rulva az eg\u00e9szs\u00e9gtudom\u00e1ny ter\u00fclet\u00e9hez. H-indexe 16, teljes impakt faktora pedig 57,68. Els\u0151dleges kutat\u00e1sa a gyermekkori cukorbetegs\u00e9g pszichoszoci\u00e1lis vonatkoz\u00e1saira, valamint a fizikai aktivit\u00e1s \u00e9s a fizikai er\u0151nl\u00e9t vizsg\u00e1lat\u00e1ra ir\u00e1nyul. Kutat\u00e1si \u00e9rdekl\u0151d\u00e9se kiterjed a k\u00fcl\u00f6nb\u00f6z\u0151 popul\u00e1ci\u00f3k eg\u00e9szs\u00e9gmagatart\u00e1s\u00e1ra is.<\/p>\n","protected":false},"excerpt":{"rendered":"<p>Luk\u00e1cs Andrea, PhD, habil a Miskolci Egyetem Eg\u00e9szs\u00e9gtudom\u00e1nyi Kar\u00e1nak docense. Az Elm\u00e9leti Eg\u00e9szs\u00e9gtudom\u00e1nyi Int\u00e9zet vezet\u0151je, [&hellip;]<\/p>\n","protected":false},"author":1,"featured_media":0,"parent":0,"menu_order":0,"comment_status":"closed","ping_status":"closed","template":"","meta":{"footnotes":""},"_links":{"self":[{"href":"https:\/\/conference2025.etszk.u-szeged.hu\/index.php\/wp-json\/wp\/v2\/pages\/977"}],"collection":[{"href":"https:\/\/conference2025.etszk.u-szeged.hu\/index.php\/wp-json\/wp\/v2\/pages"}],"about":[{"href":"https:\/\/conference2025.etszk.u-szeged.hu\/index.php\/wp-json\/wp\/v2\/types\/page"}],"author":[{"embeddable":true,"href":"https:\/\/conference2025.etszk.u-szeged.hu\/index.php\/wp-json\/wp\/v2\/users\/1"}],"replies":[{"embeddable":true,"href":"https:\/\/conference2025.etszk.u-szeged.hu\/index.php\/wp-json\/wp\/v2\/comments?post=977"}],"version-history":[{"count":3,"href":"https:\/\/conference2025.etszk.u-szeged.hu\/index.php\/wp-json\/wp\/v2\/pages\/977\/revisions"}],"predecessor-version":[{"id":981,"href":"https:\/\/conference2025.etszk.u-szeged.hu\/index.php\/wp-json\/wp\/v2\/pages\/977\/revisions\/981"}],"wp:attachment":[{"href":"https:\/\/conference2025.etszk.u-szeged.hu\/index.php\/wp-json\/wp\/v2\/media?parent=977"}],"curies":[{"name":"wp","href":"https:\/\/api.w.org\/{rel}","templated":true}]}}